{"id":1575,"date":"2020-01-16T13:06:11","date_gmt":"2020-01-16T11:06:11","guid":{"rendered":"http:\/\/iesjaroso.es\/?page_id=1575"},"modified":"2020-06-18T17:22:59","modified_gmt":"2020-06-18T15:22:59","slug":"ciclo-superior","status":"publish","type":"page","link":"https:\/\/iesjaroso.es\/?page_id=1575","title":{"rendered":"Ciclos de Grado Superior"},"content":{"rendered":"\t\t<div data-elementor-type=\"wp-page\" data-elementor-id=\"1575\" class=\"elementor elementor-1575\">\n\t\t\t\t\t\t<section class=\"elementor-section elementor-top-section elementor-element elementor-element-3954d0c6 elementor-section-boxed elementor-section-height-default elementor-section-height-default\" data-id=\"3954d0c6\" data-element_type=\"section\" data-e-type=\"section\">\n\t\t\t\t\t\t<div class=\"elementor-container elementor-column-gap-default\">\n\t\t\t\t\t<div class=\"elementor-column elementor-col-100 elementor-top-column elementor-element elementor-element-23c8bba6\" data-id=\"23c8bba6\" data-element_type=\"column\" data-e-type=\"column\">\n\t\t\t<div class=\"elementor-widget-wrap elementor-element-populated\">\n\t\t\t\t\t\t<div class=\"elementor-element elementor-element-10507cef elementor-widget elementor-widget-text-editor\" data-id=\"10507cef\" data-element_type=\"widget\" data-e-type=\"widget\" data-widget_type=\"text-editor.default\">\n\t\t\t\t<div class=\"elementor-widget-container\">\n\t\t\t\t\t\t\t\t\t<p><\/p>\n<p><\/p>\n<p><\/p>\n<p style=\"text-align: start;\">KA103: Erasmus para Ciclos de Grado Superior<span style=\"color: #191e23; font-family: Noto Serif;\"><span style=\"font-size: 16px; white-space: pre-wrap;\">.<\/span><\/span><\/p>\n<p><img decoding=\"async\" src=\"http:\/\/iesjaroso.es\/wp-content\/uploads\/CartaEche-1024x709.png\" alt=\"La imagen tiene un atributo ALT vac\u00edo; su nombre de archivo es CartaEche-1024x709.png\" \/><\/p>\n<p><a href=\"http:\/\/iesjaroso.es\/wp-content\/uploads\/Carta-ECHE-1.pdf\" target=\"_blank\" rel=\"noopener\">Carta-ECHE<\/a><\/p>\n<p>\u00a0<\/p>\n<p><img decoding=\"async\" src=\"http:\/\/iesjaroso.es\/wp-content\/uploads\/PoliticaErasmus-1024x617.png\" alt=\"La imagen tiene un atributo ALT vac\u00edo; su nombre de archivo es PoliticaErasmus-1024x617.png\" \/><\/p>\n<p><a href=\"http:\/\/iesjaroso.es\/wp-content\/uploads\/Declaraci\u00f3n-de-Pol\u00edtica-Erasmus.pdf\" target=\"_blank\" rel=\"noopener\">Declaraci\u00f3n de Pol\u00edtica Erasmus<\/a><\/p>\n<p>P\u00c1GINA WEB ERASMUS + IES JAROSO:<a style=\"font-family: Lato, sans-serif; font-size: 14px; background-color: #ffffff; color: #298481; outline: 0px;\" href=\"https:\/\/www.erasmusiesjaroso.com\/\" target=\"_blank\" rel=\"noopener\">https:\/\/www.erasmusiesjaroso.com\/<\/a><\/p>\n<p>FACEBOOK:\u00a0<a style=\"font-family: Lato, sans-serif; font-size: 14px; background-color: #ffffff; color: #298481; outline: 0px;\" href=\"https:\/\/www.facebook.com\/Erasmus-IES-Jaroso-112967000432423\/\" target=\"_blank\" rel=\"noopener\">https:\/\/www.facebook.com\/Erasmus-IES-Jaroso-112967000432423\/<\/a><\/p>\n<p>TWITTER:\u00a0<a style=\"font-family: Lato, sans-serif; font-size: 14px; background-color: white; color: #298481; outline: 0px;\" href=\"https:\/\/twitter.com\/ies_jaroso\" target=\"_blank\" rel=\"noopener\">https:\/\/twitter.com\/ies_jaroso<\/a><\/p>\n<p><\/p>\t\t\t\t\t\t\t\t<\/div>\n\t\t\t\t<\/div>\n\t\t\t\t\t<\/div>\n\t\t<\/div>\n\t\t\t\t\t<\/div>\n\t\t<\/section>\n\t\t\t\t<\/div>\n\t\t","protected":false},"excerpt":{"rendered":"<p>KA103: Erasmus para Ciclos de Grado Superior. Carta-ECHE \u00a0 Declaraci\u00f3n de Pol\u00edtica Erasmus P\u00c1GINA WEB ERASMUS + IES JAROSO:https:\/\/www.erasmusiesjaroso.com\/ FACEBOOK:\u00a0https:\/\/www.facebook.com\/Erasmus-IES-Jaroso-112967000432423\/ TWITTER:\u00a0https:\/\/twitter.com\/ies_jaroso<\/p>\n","protected":false},"author":2,"featured_media":0,"parent":193,"menu_order":2,"comment_status":"closed","ping_status":"closed","template":"","meta":{"footnotes":""},"class_list":["post-1575","page","type-page","status-publish","hentry"],"_links":{"self":[{"href":"https:\/\/iesjaroso.es\/index.php?rest_route=\/wp\/v2\/pages\/1575","targetHints":{"allow":["GET"]}}],"collection":[{"href":"https:\/\/iesjaroso.es\/index.php?rest_route=\/wp\/v2\/pages"}],"about":[{"href":"https:\/\/iesjaroso.es\/index.php?rest_route=\/wp\/v2\/types\/page"}],"author":[{"embeddable":true,"href":"https:\/\/iesjaroso.es\/index.php?rest_route=\/wp\/v2\/users\/2"}],"replies":[{"embeddable":true,"href":"https:\/\/iesjaroso.es\/index.php?rest_route=%2Fwp%2Fv2%2Fcomments&post=1575"}],"version-history":[{"count":12,"href":"https:\/\/iesjaroso.es\/index.php?rest_route=\/wp\/v2\/pages\/1575\/revisions"}],"predecessor-version":[{"id":2227,"href":"https:\/\/iesjaroso.es\/index.php?rest_route=\/wp\/v2\/pages\/1575\/revisions\/2227"}],"up":[{"embeddable":true,"href":"https:\/\/iesjaroso.es\/index.php?rest_route=\/wp\/v2\/pages\/193"}],"wp:attachment":[{"href":"https:\/\/iesjaroso.es\/index.php?rest_route=%2Fwp%2Fv2%2Fmedia&parent=1575"}],"curies":[{"name":"wp","href":"https:\/\/api.w.org\/{rel}","templated":true}]}}