{"id":1630,"date":"2020-01-20T14:40:29","date_gmt":"2020-01-20T12:40:29","guid":{"rendered":"http:\/\/iesjaroso.es\/clon1\/?page_id=1630"},"modified":"2020-01-24T10:16:21","modified_gmt":"2020-01-24T08:16:21","slug":"claves-ipasen","status":"publish","type":"page","link":"https:\/\/iesjaroso.es\/?page_id=1630","title":{"rendered":"Claves IPasen"},"content":{"rendered":"\t\t<div data-elementor-type=\"wp-page\" data-elementor-id=\"1630\" class=\"elementor elementor-1630\">\n\t\t\t\t\t\t<section class=\"elementor-section elementor-top-section elementor-element elementor-element-3aa0b58 elementor-section-boxed elementor-section-height-default elementor-section-height-default\" data-id=\"3aa0b58\" data-element_type=\"section\" data-e-type=\"section\">\n\t\t\t\t\t\t<div class=\"elementor-container elementor-column-gap-default\">\n\t\t\t\t\t<div class=\"elementor-column elementor-col-100 elementor-top-column elementor-element elementor-element-1689b16\" data-id=\"1689b16\" data-element_type=\"column\" data-e-type=\"column\">\n\t\t\t<div class=\"elementor-widget-wrap elementor-element-populated\">\n\t\t\t\t\t\t<div class=\"elementor-element elementor-element-0f50704 elementor-widget elementor-widget-image\" data-id=\"0f50704\" data-element_type=\"widget\" data-e-type=\"widget\" data-widget_type=\"image.default\">\n\t\t\t\t<div class=\"elementor-widget-container\">\n\t\t\t\t\t\t\t\t\t\t\t\t\t\t\t\t<a href=\"http:\/\/www.juntadeandalucia.es\/educacion\/portals\/web\/ced\/pasen\" target=\"_blank\">\n\t\t\t\t\t\t\t<img decoding=\"async\" width=\"150\" height=\"134\" src=\"https:\/\/iesjaroso.es\/wp-content\/uploads\/images-150x134.jpg\" class=\"attachment-thumbnail size-thumbnail wp-image-1703\" alt=\"\" \/>\t\t\t\t\t\t\t\t<\/a>\n\t\t\t\t\t\t\t\t\t\t\t\t\t\t\t<\/div>\n\t\t\t\t<\/div>\n\t\t\t\t\t<\/div>\n\t\t<\/div>\n\t\t\t\t\t<\/div>\n\t\t<\/section>\n\t\t\t\t<section class=\"elementor-section elementor-top-section elementor-element elementor-element-b66b518 elementor-section-boxed elementor-section-height-default elementor-section-height-default\" data-id=\"b66b518\" data-element_type=\"section\" data-e-type=\"section\">\n\t\t\t\t\t\t<div class=\"elementor-container elementor-column-gap-default\">\n\t\t\t\t\t<div class=\"elementor-column elementor-col-100 elementor-top-column elementor-element elementor-element-f567402\" data-id=\"f567402\" data-element_type=\"column\" data-e-type=\"column\">\n\t\t\t<div class=\"elementor-widget-wrap elementor-element-populated\">\n\t\t\t\t\t\t<div class=\"elementor-element elementor-element-e977365 elementor-widget elementor-widget-text-editor\" data-id=\"e977365\" data-element_type=\"widget\" data-e-type=\"widget\" data-widget_type=\"text-editor.default\">\n\t\t\t\t<div class=\"elementor-widget-container\">\n\t\t\t\t\t\t\t\t\t<ol><li><strong>\u00bfC\u00f3mo conseguir el USUARIO y la CONTRASE\u00d1A?<\/strong><\/li><\/ol><p>Est\u00e1 disponible un nuevo procedimiento de \u201cautologin\u201d para usuarios con perfiles tutor\/a legal mediante el cual cualquier padre\/madre podr\u00e1 realizar ese proceso de \u201cautologin\u201d para obtener el USUARIO y la CONTRASE\u00d1A para el acceso a PASEN.<\/p><p>Para realizar el \u201cautologin\u201d a trav\u00e9s de la aplicaci\u00f3n web o de la app iPasen, las familias deber\u00e1n pinchar en el enlace \u2018No tengo acceso\u2019 de la pantalla de login. Se requerir\u00e1n tres datos:<\/p><p>\u2013 El NIF.<\/p><p>\u2013 Fecha de nacimiento (de algunos de sus hijos\/as o la suya propia).<\/p><p>\u00a0\u2013 N\u00famero de tel\u00e9fono m\u00f3vil donde recibir\u00e1 por SMS el USUARIO y la CONTRASE\u00d1A. (Este n\u00ba de tel\u00e9fono deber\u00e1 coincidir con el que consta en S\u00e9neca para los tutores legales). En el caso de que no llegue el SMS por alg\u00fan motivo puede pasarse por jefatura de estudios y le ayudaremos a conseguir las credenciales de acceso.<\/p><p>\u00a0<\/p><ol start=\"2\"><li><p><strong>\u00bfQu\u00e9 podemos hacer con esta aplicaci\u00f3n?\u00a0<\/strong><\/p><\/li><\/ol><ul><li>Consulta de las calificaciones en cualquier materia.<\/li><li>Acceso con el mismo usuario\/contrase\u00f1a que a la aplicaci\u00f3n web PASEN.<\/li><li>Cambio de contrase\u00f1a y acceso a \u2018Mis datos\u2019 con toda la informaci\u00f3n de usuario relevante para el sistema.<\/li><li>Acceso a la mensajer\u00eda interna.<\/li><li>Consultas de los datos del centro educativo.<\/li><li>Consulta del calendario escolar oficial.<\/li><li>Consulta del tabl\u00f3n de anuncios.<\/li><li>Consulta del horario escolar de sus hijos.<\/li><li>Consulta, justificaci\u00f3n y comunicaci\u00f3n de ausencias de sus hijos.<\/li><li>Consulta de las actividades evaluables, tareas, controles, etc, creados en los cuadernos de clase del profesorado.\u00a0<\/li><li>Consulta de las observaciones que se hayan introducido por parte del profesorado sobre la marcha de sus hijos.<\/li><li>Recepci\u00f3n de notificaciones enviadas desde S\u00e9neca por ausencias de sus hijos o cualquier otro tipo de mensaje.<\/li><\/ul>\t\t\t\t\t\t\t\t<\/div>\n\t\t\t\t<\/div>\n\t\t\t\t\t<\/div>\n\t\t<\/div>\n\t\t\t\t\t<\/div>\n\t\t<\/section>\n\t\t\t\t<\/div>\n\t\t","protected":false},"excerpt":{"rendered":"<p>\u00bfC\u00f3mo conseguir el USUARIO y la CONTRASE\u00d1A? Est\u00e1 disponible un nuevo procedimiento de \u201cautologin\u201d para usuarios con perfiles tutor\/a legal mediante el cual cualquier padre\/madre podr\u00e1 realizar ese proceso de \u201cautologin\u201d para obtener el USUARIO y la CONTRASE\u00d1A para el acceso a PASEN. Para realizar el \u201cautologin\u201d a trav\u00e9s de la aplicaci\u00f3n web o de [&hellip;]<\/p>\n","protected":false},"author":2,"featured_media":0,"parent":0,"menu_order":0,"comment_status":"closed","ping_status":"closed","template":"","meta":{"footnotes":""},"class_list":["post-1630","page","type-page","status-publish","hentry"],"_links":{"self":[{"href":"https:\/\/iesjaroso.es\/index.php?rest_route=\/wp\/v2\/pages\/1630","targetHints":{"allow":["GET"]}}],"collection":[{"href":"https:\/\/iesjaroso.es\/index.php?rest_route=\/wp\/v2\/pages"}],"about":[{"href":"https:\/\/iesjaroso.es\/index.php?rest_route=\/wp\/v2\/types\/page"}],"author":[{"embeddable":true,"href":"https:\/\/iesjaroso.es\/index.php?rest_route=\/wp\/v2\/users\/2"}],"replies":[{"embeddable":true,"href":"https:\/\/iesjaroso.es\/index.php?rest_route=%2Fwp%2Fv2%2Fcomments&post=1630"}],"version-history":[{"count":7,"href":"https:\/\/iesjaroso.es\/index.php?rest_route=\/wp\/v2\/pages\/1630\/revisions"}],"predecessor-version":[{"id":3182,"href":"https:\/\/iesjaroso.es\/index.php?rest_route=\/wp\/v2\/pages\/1630\/revisions\/3182"}],"wp:attachment":[{"href":"https:\/\/iesjaroso.es\/index.php?rest_route=%2Fwp%2Fv2%2Fmedia&parent=1630"}],"curies":[{"name":"wp","href":"https:\/\/api.w.org\/{rel}","templated":true}]}}