{"id":2031,"date":"2020-06-15T13:30:34","date_gmt":"2020-06-15T11:30:34","guid":{"rendered":"http:\/\/iesjaroso.es\/clon1\/?page_id=2031"},"modified":"2020-06-18T16:37:56","modified_gmt":"2020-06-18T14:37:56","slug":"modificaciones-de-los-criterios-e-instrumentos-de-evaluacion-y-calificacion-ies-jaroso-para-el-curso-2019-2020","status":"publish","type":"page","link":"https:\/\/iesjaroso.es\/?page_id=2031","title":{"rendered":"Modificaciones de los Criterios e Instrumentos de Evaluaci\u00f3n y Calificaci\u00f3n IES Jaroso para el curso 2019-2020"},"content":{"rendered":"\n<p>A continuaci\u00f3n se presentan las modificaciones introducidas por los departamentos did\u00e1cticos como consecuencia de las Instrucciones de 23 de abril de 2020 de la Viceconsejer\u00eda de Educaci\u00f3n y Deporte, relativa a las medidas educativas a adoptar en el tercer trimestre del curso 2019-2020.<\/p>\n\n\n\n<p class=\"has-text-align-center\"><strong>DEPARTAMENTOS<\/strong> &#8211; &nbsp;<strong>MODIFICACIONES<\/strong> &#8211; <strong>CURSO 2019-20<\/strong> &#8211; <strong>MAYO 2020<\/strong><\/p>\n\n\n\n<p class=\"has-text-align-center\"><strong><a href=\"http:\/\/iesjaroso.es\/wp-content\/uploads\/ce_filosof\u00eda_19-20-3ev.pdf\" target=\"_blank\" rel=\"noreferrer noopener\" aria-label=\" (se abre en una nueva pesta\u00f1a)\">FILOSOF\u00cdA<\/a><\/strong><\/p>\n\n\n\n<p class=\"has-text-align-center\"><strong><a href=\"http:\/\/iesjaroso.es\/wp-content\/uploads\/ce_clasicas_19-20-3ev.pdf\" target=\"_blank\" rel=\"noreferrer noopener\" aria-label=\" (se abre en una nueva pesta\u00f1a)\">CL\u00c1SICAS<\/a><\/strong><\/p>\n\n\n\n<p class=\"has-text-align-center\"><strong><a href=\"http:\/\/iesjaroso.es\/wp-content\/uploads\/ce_Biolog\u00eda-Geolog\u00eda_19-20-3ev.pdf\" target=\"_blank\" rel=\"noreferrer noopener\" aria-label=\" (se abre en una nueva pesta\u00f1a)\">BIOLOG\u00cdA Y GEOLOG\u00cdA<\/a><\/strong><\/p>\n\n\n\n<p class=\"has-text-align-center\"><strong><a href=\"http:\/\/iesjaroso.es\/wp-content\/uploads\/ce_Dibujo_19-20-3ev.pdf\" target=\"_blank\" rel=\"noreferrer noopener\" aria-label=\" (se abre en una nueva pesta\u00f1a)\">DIBUJO<\/a><\/strong><\/p>\n\n\n\n<p class=\"has-text-align-center\"><strong><a href=\"http:\/\/iesjaroso.es\/wp-content\/uploads\/ce_ef_cambios_19-20.pdf\" target=\"_blank\" rel=\"noreferrer noopener\" aria-label=\" (se abre en una nueva pesta\u00f1a)\">EDUCACI\u00d3N F\u00cdSICA<\/a><\/strong><\/p>\n\n\n\n<p class=\"has-text-align-center\"><strong><a href=\"http:\/\/iesjaroso.es\/wp-content\/uploads\/ce_f\u00edsica-y-qu\u00edmica_19-20-3ev.pdf\" target=\"_blank\" rel=\"noreferrer noopener\" aria-label=\" (se abre en una nueva pesta\u00f1a)\">F\u00cdSICA Y QU\u00cdMICA<\/a><\/strong><\/p>\n\n\n\n<p class=\"has-text-align-center\"><a href=\"http:\/\/iesjaroso.es\/wp-content\/uploads\/ce_FOL-Econom\u00eda_19-20-3ev.pdf\" target=\"_blank\" rel=\"noreferrer noopener\" aria-label=\" (se abre en una nueva pesta\u00f1a)\">&nbsp;<strong>FOL Y ECONOM\u00cdA<\/strong><\/a><\/p>\n\n\n\n<p class=\"has-text-align-center\">&nbsp;<strong><a href=\"http:\/\/iesjaroso.es\/wp-content\/uploads\/ce_Franc\u00e9s_19-20-3ev-3.pdf\" target=\"_blank\" rel=\"noreferrer noopener\" aria-label=\" (se abre en una nueva pesta\u00f1a)\">FRANC\u00c9S<\/a><\/strong><\/p>\n\n\n\n<p class=\"has-text-align-center\">&nbsp;<strong><a href=\"http:\/\/iesjaroso.es\/wp-content\/uploads\/ce_geograf\u00eda_historia_19-20-ev.pdf\" target=\"_blank\" rel=\"noreferrer noopener\" aria-label=\" (se abre en una nueva pesta\u00f1a)\">GEOGRAF\u00cdA E HISTORIA<\/a><\/strong><\/p>\n\n\n\n<p class=\"has-text-align-center\"><strong><a href=\"http:\/\/iesjaroso.es\/wp-content\/uploads\/ce_ingles_19-20_3ev.pdf\" target=\"_blank\" rel=\"noreferrer noopener\" aria-label=\" (se abre en una nueva pesta\u00f1a)\">INGL\u00c9S<\/a><\/strong><\/p>\n\n\n\n<p class=\"has-text-align-center\"><strong><a href=\"http:\/\/iesjaroso.es\/wp-content\/uploads\/ce_lengua_19-20-3ev.pdf\" target=\"_blank\" rel=\"noreferrer noopener\" aria-label=\" (se abre en una nueva pesta\u00f1a)\">LENGUA Y LITERATURA<\/a><\/strong><\/p>\n\n\n\n<p class=\"has-text-align-center\"><strong><a href=\"http:\/\/iesjaroso.es\/wp-content\/uploads\/ce_matem\u00e1ticas_19-20-3ev.pdf\" target=\"_blank\" rel=\"noreferrer noopener\" aria-label=\" (se abre en una nueva pesta\u00f1a)\">MATEM\u00c1TICAS<\/a><\/strong><\/p>\n\n\n\n<p class=\"has-text-align-center\"><strong><a href=\"http:\/\/iesjaroso.es\/wp-content\/uploads\/ce_M\u00fasica_19-20-3ev-4.pdf\" target=\"_blank\" rel=\"noreferrer noopener\" aria-label=\" (se abre en una nueva pesta\u00f1a)\">M\u00daSICA<\/a><\/strong><\/p>\n\n\n\n<p class=\"has-text-align-center\"><strong><a href=\"https:\/\/iesjaroso.es\/wp-content\/uploads\/TEC-19-20.-Adaptaciones-Proc-e-Inst-de-Evaluaci\u00f3n-y-Calificaci\u00f3n.pdf\" target=\"_blank\" rel=\"noreferrer noopener\">TECNOLOG\u00cdA<\/a><\/strong><\/p>\n\n\n\n<p class=\"has-text-align-center\"><strong><a href=\"http:\/\/iesjaroso.es\/wp-content\/uploads\/ce_Orientaci\u00f3n_19-20-3ev.pdf\" target=\"_blank\" rel=\"noreferrer noopener\" aria-label=\" (se abre en una nueva pesta\u00f1a)\">ORIENTACI\u00d3N<\/a><\/strong><\/p>\n\n\n\n<p class=\"has-text-align-center\"><strong><a href=\"http:\/\/iesjaroso.es\/wp-content\/uploads\/ce_Orientaci\u00f3n-AE_19-20-3ev.pdf\" target=\"_blank\" rel=\"noreferrer noopener\" aria-label=\" (se abre en una nueva pesta\u00f1a)\">ORIENTACI\u00d3N &#8211; AULA ESPEC\u00cdFICA<\/a><\/strong><\/p>\n\n\n\n<p class=\"has-text-align-center\"><strong><a href=\"http:\/\/iesjaroso.es\/wp-content\/uploads\/ce_gestionadministrativo-19-20-3ev.pdf\" target=\"_blank\" rel=\"noreferrer noopener\" aria-label=\" (se abre en una nueva pesta\u00f1a)\">F.P. GESTI\u00d3N ADMINISTRATIVA<\/a><\/strong><\/p>\n\n\n\n<p class=\"has-text-align-center\"><strong><a href=\"http:\/\/iesjaroso.es\/wp-content\/uploads\/ce_informatica_19-20-3ev.pdf\" target=\"_blank\" rel=\"noreferrer noopener\" aria-label=\" (se abre en una nueva pesta\u00f1a)\">F.P. INFORM\u00c1TICA<\/a><\/strong><\/p>\n\n\n\n<p class=\"has-text-align-center\"><strong><a href=\"http:\/\/iesjaroso.es\/wp-content\/uploads\/ce_laboratorio_19-20-3ev.pdf\" target=\"_blank\" rel=\"noreferrer noopener\" aria-label=\" (se abre en una nueva pesta\u00f1a)\">F.P. QU\u00cdMICA<\/a><\/strong><\/p>\n\n\n\n<p class=\"has-text-align-center\"><strong><a href=\"http:\/\/iesjaroso.es\/wp-content\/uploads\/ce_electricidad_electronica_19-20.pdf\" target=\"_blank\" rel=\"noreferrer noopener\" aria-label=\" (se abre en una nueva pesta\u00f1a)\">F.P. TELECOMUNICACIONES<\/a><\/strong><\/p>\n\n\n\n<p class=\"has-text-align-center\"><strong><a href=\"http:\/\/iesjaroso.es\/wp-content\/uploads\/ce_soldadura_19-20.pdf\" target=\"_blank\" rel=\"noreferrer noopener\" aria-label=\" (se abre en una nueva pesta\u00f1a)\">F.P. SOLDADURA<\/a><\/strong><\/p>\n\n\n\n<p class=\"has-text-align-center\"><strong><a href=\"http:\/\/iesjaroso.es\/wp-content\/uploads\/ce_turismo_19-20-3ev.pdf\" target=\"_blank\" rel=\"noreferrer noopener\" aria-label=\" (se abre en una nueva pesta\u00f1a)\">F.P. TURISMO<\/a><\/strong><br><\/p>\n","protected":false},"excerpt":{"rendered":"<p>A continuaci\u00f3n se presentan las modificaciones introducidas por los departamentos did\u00e1cticos como consecuencia de las Instrucciones de 23 de abril de 2020 de la Viceconsejer\u00eda de Educaci\u00f3n y Deporte, relativa a las medidas educativas a adoptar en el tercer trimestre del curso 2019-2020. DEPARTAMENTOS &#8211; &nbsp;MODIFICACIONES &#8211; CURSO 2019-20 &#8211; MAYO 2020 FILOSOF\u00cdA CL\u00c1SICAS BIOLOG\u00cdA [&hellip;]<\/p>\n","protected":false},"author":2,"featured_media":0,"parent":0,"menu_order":0,"comment_status":"closed","ping_status":"closed","template":"","meta":{"footnotes":""},"class_list":["post-2031","page","type-page","status-publish","hentry"],"_links":{"self":[{"href":"https:\/\/iesjaroso.es\/index.php?rest_route=\/wp\/v2\/pages\/2031","targetHints":{"allow":["GET"]}}],"collection":[{"href":"https:\/\/iesjaroso.es\/index.php?rest_route=\/wp\/v2\/pages"}],"about":[{"href":"https:\/\/iesjaroso.es\/index.php?rest_route=\/wp\/v2\/types\/page"}],"author":[{"embeddable":true,"href":"https:\/\/iesjaroso.es\/index.php?rest_route=\/wp\/v2\/users\/2"}],"replies":[{"embeddable":true,"href":"https:\/\/iesjaroso.es\/index.php?rest_route=%2Fwp%2Fv2%2Fcomments&post=2031"}],"version-history":[{"count":5,"href":"https:\/\/iesjaroso.es\/index.php?rest_route=\/wp\/v2\/pages\/2031\/revisions"}],"predecessor-version":[{"id":2171,"href":"https:\/\/iesjaroso.es\/index.php?rest_route=\/wp\/v2\/pages\/2031\/revisions\/2171"}],"wp:attachment":[{"href":"https:\/\/iesjaroso.es\/index.php?rest_route=%2Fwp%2Fv2%2Fmedia&parent=2031"}],"curies":[{"name":"wp","href":"https:\/\/api.w.org\/{rel}","templated":true}]}}