{"id":245,"date":"2016-08-30T22:50:42","date_gmt":"2016-08-30T20:50:42","guid":{"rendered":"https:\/\/iesjaroso.wordpress.com\/?page_id=245"},"modified":"2025-03-04T10:39:49","modified_gmt":"2025-03-04T08:39:49","slug":"tecnologia","status":"publish","type":"page","link":"https:\/\/iesjaroso.es\/?page_id=245","title":{"rendered":"Tecnolog\u00eda"},"content":{"rendered":"\t\t<div data-elementor-type=\"wp-page\" data-elementor-id=\"245\" class=\"elementor elementor-245\">\n\t\t\t\t\t\t<section class=\"elementor-section elementor-top-section elementor-element elementor-element-716a7b8 elementor-section-boxed elementor-section-height-default elementor-section-height-default\" data-id=\"716a7b8\" data-element_type=\"section\" data-e-type=\"section\">\n\t\t\t\t\t\t<div class=\"elementor-container elementor-column-gap-default\">\n\t\t\t\t\t<div class=\"elementor-column elementor-col-100 elementor-top-column elementor-element elementor-element-d59d6b2\" data-id=\"d59d6b2\" data-element_type=\"column\" data-e-type=\"column\">\n\t\t\t<div class=\"elementor-widget-wrap elementor-element-populated\">\n\t\t\t\t\t\t<section class=\"elementor-section elementor-inner-section elementor-element elementor-element-13f3976 elementor-section-boxed elementor-section-height-default elementor-section-height-default\" data-id=\"13f3976\" data-element_type=\"section\" data-e-type=\"section\">\n\t\t\t\t\t\t<div class=\"elementor-container elementor-column-gap-default\">\n\t\t\t\t\t<div class=\"elementor-column elementor-col-100 elementor-inner-column elementor-element elementor-element-109c2fa\" data-id=\"109c2fa\" data-element_type=\"column\" data-e-type=\"column\">\n\t\t\t<div class=\"elementor-widget-wrap elementor-element-populated\">\n\t\t\t\t\t\t<div class=\"elementor-element elementor-element-2e9219a elementor-widget elementor-widget-text-editor\" data-id=\"2e9219a\" data-element_type=\"widget\" data-e-type=\"widget\" data-widget_type=\"text-editor.default\">\n\t\t\t\t<div class=\"elementor-widget-container\">\n\t\t\t\t\t\t\t\t\t<p><strong>\u00a1Bienvenidos al departamento de Tecnolog\u00eda!<\/strong><\/p><p><span style=\"font-weight: 400;\">En este departamento se imparten seg\u00fan cursos y niveles las siguientes materias:<\/span><\/p><ul><li style=\"font-weight: 400;\"><span style=\"font-weight: 400;\">1\u00baESO: <\/span><b>Computaci\u00f3n y Rob\u00f3tica\u00a0<\/b><\/li><li style=\"font-weight: 400;\"><span style=\"font-weight: 400;\">2\u00ba ESO:\u00a0<\/span><\/li><\/ul><ul><li style=\"list-style-type: none;\"><ul><li style=\"font-weight: 400;\"><b>Tecnolog\u00eda y Digitalizaci\u00f3n <\/b><\/li><li style=\"font-weight: 400;\"><b>Computaci\u00f3n y Rob\u00f3tica\u00a0<\/b><\/li><\/ul><\/li><\/ul><ul><li style=\"font-weight: 400;\"><span style=\"font-weight: 400;\">3\u00ba ESO:\u00a0<\/span><\/li><\/ul><ul><li style=\"list-style-type: none;\"><ul><li><b>Tecnolog\u00eda y Digitalizaci\u00f3n <\/b><\/li><li><b>Computaci\u00f3n y Rob\u00f3tica\u00a0<\/b><\/li><\/ul><\/li><\/ul><ul><li style=\"font-weight: 400;\"><span style=\"font-weight: 400;\">4\u00ba ESO:\u00a0<\/span><\/li><\/ul><ul><li style=\"list-style-type: none;\"><ul><li style=\"font-weight: 400;\"><b>Tecnolog\u00eda<\/b><\/li><li style=\"font-weight: 400;\"><b>Digitalizaci\u00f3n<\/b><\/li><\/ul><\/li><\/ul><ul><li style=\"font-weight: 400;\"><span style=\"font-weight: 400;\">1\u00ba BACHILLERATO:<\/span><\/li><\/ul><ul><li style=\"list-style-type: none;\"><ul><li style=\"font-weight: 400;\"><b>Tecnolog\u00eda e Ingenier\u00eda I<\/b><\/li><li style=\"font-weight: 400;\"><b>Rob\u00f3tica e impresi\u00f3n 3D (<\/b><span style=\"font-weight: 400;\">libre configuraci\u00f3n auton\u00f3mica de dise\u00f1o propio)<\/span><\/li><\/ul><\/li><li><span style=\"font-weight: 400;\">2\u00ba BACHILLERATO: <\/span><ul><li><b>Tecnolog\u00eda e Ingenier\u00eda II<\/b><span style=\"font-weight: 400;\"> (espec\u00edfica)<\/span><\/li><li><b>Rob\u00f3tica<\/b> (libre configuraci\u00f3n auton\u00f3mica de dise\u00f1o propio)<\/li><\/ul><\/li><\/ul><p><span style=\"font-weight: 400;\">La materia de Tecnolog\u00eda contribuye a ense\u00f1ar c\u00f3mo los objetos tecnol\u00f3gicos surgen alrededor de necesidades, y que la tecnolog\u00eda alcanza su sentido si nos permite resolver problemas, lo que lleva impl\u00edcito el car\u00e1cter de inmediatez y una fuerte componente de innovaci\u00f3n, dos aspectos muy importantes en esta asignatura.\u00a0<\/span><\/p><p><span style=\"font-weight: 400;\">Por ello, se realizan numerosos proyectos en las distintas materias impartidas por el departamento, algunos de los cuales participan en concursos de \u00e1mbito escolar como,<\/span> <span style=\"font-weight: 400;\">el torneo provincial de rob\u00f3tica <\/span><b>First Lego League<\/b><span style=\"font-weight: 400;\">, la Competici\u00f3n Regional <\/span><b>Andaluc\u00eda CanSat<\/b><span style=\"font-weight: 400;\">, <\/span><b>Reto Tech <\/b><span style=\"font-weight: 400;\">(Fundaci\u00f3n ENDESA),\u2026<\/span><\/p><p>Iremos publicando los proyectos que se vayan realizando.\u00a0\u00a1Seguro que os resultar\u00e1n interesantes!<\/p><p><span style=\"font-weight: 400;\">Si os surge cualquier duda o pregunta, desde el departamento de Tecnolog\u00eda estaremos encantados de poder ayudaros.<\/span><\/p>\t\t\t\t\t\t\t\t<\/div>\n\t\t\t\t<\/div>\n\t\t\t\t\t<\/div>\n\t\t<\/div>\n\t\t\t\t\t<\/div>\n\t\t<\/section>\n\t\t\t\t\t<\/div>\n\t\t<\/div>\n\t\t\t\t\t<\/div>\n\t\t<\/section>\n\t\t\t\t<section class=\"elementor-section elementor-top-section elementor-element elementor-element-2db049d elementor-section-boxed elementor-section-height-default elementor-section-height-default\" data-id=\"2db049d\" data-element_type=\"section\" data-e-type=\"section\">\n\t\t\t\t\t\t<div class=\"elementor-container elementor-column-gap-default\">\n\t\t\t\t\t<div class=\"elementor-column elementor-col-100 elementor-top-column elementor-element elementor-element-cd04d99\" data-id=\"cd04d99\" data-element_type=\"column\" data-e-type=\"column\">\n\t\t\t<div class=\"elementor-widget-wrap\">\n\t\t\t\t\t\t\t<\/div>\n\t\t<\/div>\n\t\t\t\t\t<\/div>\n\t\t<\/section>\n\t\t\t\t<\/div>\n\t\t","protected":false},"excerpt":{"rendered":"<p>\u00a1Bienvenidos al departamento de Tecnolog\u00eda! En este departamento se imparten seg\u00fan cursos y niveles las siguientes materias: 1\u00baESO: Computaci\u00f3n y Rob\u00f3tica\u00a0 2\u00ba ESO:\u00a0 Tecnolog\u00eda y Digitalizaci\u00f3n Computaci\u00f3n y Rob\u00f3tica\u00a0 3\u00ba ESO:\u00a0 Tecnolog\u00eda y Digitalizaci\u00f3n Computaci\u00f3n y Rob\u00f3tica\u00a0 4\u00ba ESO:\u00a0 Tecnolog\u00eda Digitalizaci\u00f3n 1\u00ba BACHILLERATO: Tecnolog\u00eda e Ingenier\u00eda I Rob\u00f3tica e impresi\u00f3n 3D (libre configuraci\u00f3n auton\u00f3mica de [&hellip;]<\/p>\n","protected":false},"author":2,"featured_media":0,"parent":0,"menu_order":0,"comment_status":"closed","ping_status":"closed","template":"","meta":{"footnotes":""},"class_list":["post-245","page","type-page","status-publish","hentry"],"_links":{"self":[{"href":"https:\/\/iesjaroso.es\/index.php?rest_route=\/wp\/v2\/pages\/245","targetHints":{"allow":["GET"]}}],"collection":[{"href":"https:\/\/iesjaroso.es\/index.php?rest_route=\/wp\/v2\/pages"}],"about":[{"href":"https:\/\/iesjaroso.es\/index.php?rest_route=\/wp\/v2\/types\/page"}],"author":[{"embeddable":true,"href":"https:\/\/iesjaroso.es\/index.php?rest_route=\/wp\/v2\/users\/2"}],"replies":[{"embeddable":true,"href":"https:\/\/iesjaroso.es\/index.php?rest_route=%2Fwp%2Fv2%2Fcomments&post=245"}],"version-history":[{"count":9,"href":"https:\/\/iesjaroso.es\/index.php?rest_route=\/wp\/v2\/pages\/245\/revisions"}],"predecessor-version":[{"id":5008,"href":"https:\/\/iesjaroso.es\/index.php?rest_route=\/wp\/v2\/pages\/245\/revisions\/5008"}],"wp:attachment":[{"href":"https:\/\/iesjaroso.es\/index.php?rest_route=%2Fwp%2Fv2%2Fmedia&parent=245"}],"curies":[{"name":"wp","href":"https:\/\/api.w.org\/{rel}","templated":true}]}}