{"id":250,"date":"2016-08-30T22:55:12","date_gmt":"2016-08-30T22:55:12","guid":{"rendered":"https:\/\/iesjaroso.wordpress.com\/?page_id=250"},"modified":"2021-10-20T19:03:28","modified_gmt":"2021-10-20T17:03:28","slug":"equipos-electronicos","status":"publish","type":"page","link":"https:\/\/iesjaroso.es\/?page_id=250","title":{"rendered":"Departamentos"},"content":{"rendered":"<p><a role=\"button\" href=\"http:\/\/iesjaroso.es\/?page_id=235\" target=\"_blank\" rel=\"noopener noreferrer\"><br \/>\nBiolog\u00eda y Geolog\u00eda<br \/>\n<\/a><br \/>\n<a role=\"button\" href=\"http:\/\/iesjaroso.es\/?page_id=445\" target=\"_blank\" rel=\"noopener noreferrer\"><br \/>\nFormaci\u00f3n, Innovaci\u00f3n Educativa<br \/>\n<\/a><br \/>\n<a role=\"button\" href=\"http:\/\/iesjaroso.es\/?page_id=248\" target=\"_blank\" rel=\"noopener noreferrer\"><br \/>\nInform\u00e1tica<br \/>\n<\/a><br \/>\n<a role=\"button\" href=\"http:\/\/iesjaroso.es\/?page_id=366\" target=\"_blank\" rel=\"noopener noreferrer\"><br \/>\nOrientaci\u00f3n<br \/>\n<\/a><br \/>\n<a role=\"button\" href=\"http:\/\/iesjaroso.es\/?page_id=227\" target=\"_blank\" rel=\"noopener noreferrer\"><br \/>\nCl\u00e1sicas<br \/>\n<\/a><br \/>\n<a role=\"button\" href=\"http:\/\/iesjaroso.es\/?page_id=225\" target=\"_blank\" rel=\"noopener noreferrer\"><br \/>\nFilosof\u00eda<br \/>\n<\/a><br \/>\n<a role=\"button\" href=\"http:\/\/iesjaroso.es\/?page_id=240\" target=\"_blank\" rel=\"noopener noreferrer\"><br \/>\nIngl\u00e9s<br \/>\n<\/a><br \/>\n<a role=\"button\" href=\"http:\/\/iesjaroso.es\/?page_id=245\" target=\"_blank\" rel=\"noopener noreferrer\"><br \/>\nTecnolog\u00eda<br \/>\n<\/a><br \/>\n<a role=\"button\" href=\"http:\/\/iesjaroso.es\/?page_id=247\" target=\"_blank\" rel=\"noopener noreferrer\"><br \/>\nEconom\u00eda<br \/>\n<\/a><br \/>\n<a role=\"button\" href=\"http:\/\/iesjaroso.es\/?page_id=234\" target=\"_blank\" rel=\"noopener noreferrer\"><br \/>\nF\u00edsica y Qu\u00edmica<br \/>\n<\/a><br \/>\n<a role=\"button\" href=\"http:\/\/iesjaroso.es\/?page_id=229\" target=\"_blank\" rel=\"noopener noreferrer\"><br \/>\nLengua Castellana y Literatura<br \/>\n<\/a><br \/>\n<a role=\"button\" href=\"http:\/\/iesjaroso.es\/?page_id=249\" target=\"_blank\" rel=\"noopener noreferrer\"><br \/>\nHosteler\u00eda y Turismo<br \/>\n<\/a><br \/>\n<a role=\"button\" href=\"http:\/\/iesjaroso.es\/?page_id=244\" target=\"_blank\" rel=\"noopener noreferrer\"><br \/>\nEducaci\u00f3n F\u00edsica<br \/>\n<\/a><br \/>\n<a role=\"button\" href=\"http:\/\/iesjaroso.es\/?page_id=239\" target=\"_blank\" rel=\"noopener noreferrer\"><br \/>\nFranc\u00e9s<br \/>\n<\/a><br \/>\n<a role=\"button\" href=\"http:\/\/iesjaroso.es\/?page_id=233\" target=\"_blank\" rel=\"noopener noreferrer\"><br \/>\nMatem\u00e1ticas<br \/>\n<\/a><br \/>\n<a role=\"button\" href=\"http:\/\/iesjaroso.es\/?page_id=513\" target=\"_blank\" rel=\"noopener noreferrer\"><br \/>\nSoldadura y Calderer\u00eda<br \/>\n<\/a><br \/>\n<a role=\"button\" href=\"http:\/\/iesjaroso.es\/?page_id=237\" target=\"_blank\" rel=\"noopener noreferrer\"><br \/>\nDibujo<br \/>\n<\/a><br \/>\n<a role=\"button\" href=\"http:\/\/iesjaroso.es\/?page_id=232\" target=\"_blank\" rel=\"noopener noreferrer\"><br \/>\nGeograf\u00eda e Historia<br \/>\n<\/a><br \/>\n<a role=\"button\" href=\"http:\/\/iesjaroso.es\/?page_id=242\" target=\"_blank\" rel=\"noopener noreferrer\"><br \/>\nM\u00fasica<br \/>\n<\/a><br \/>\n<a role=\"button\" href=\"http:\/\/iesjaroso.es\/?page_id=1819\" target=\"_blank\" rel=\"noopener noreferrer\"><br \/>\nEquipos Electr\u00f3nicos<br \/>\n<\/a><br \/>\n<a role=\"button\" href=\"http:\/\/iesjaroso.es\/?page_id=517\" target=\"_blank\" rel=\"noopener noreferrer\"><br \/>\nGesti\u00f3n Administrativa<br \/>\n<\/a><br \/>\n<a role=\"button\" href=\"http:\/\/iesjaroso.es\/?page_id=512\" target=\"_blank\" rel=\"noopener noreferrer\"><br \/>\nOperaciones de Laboratorio<br \/>\n<\/a><\/p>\n","protected":false},"excerpt":{"rendered":"<p>Biolog\u00eda y Geolog\u00eda Formaci\u00f3n, Innovaci\u00f3n Educativa Inform\u00e1tica Orientaci\u00f3n Cl\u00e1sicas Filosof\u00eda Ingl\u00e9s Tecnolog\u00eda Econom\u00eda F\u00edsica y Qu\u00edmica Lengua Castellana y Literatura Hosteler\u00eda y Turismo Educaci\u00f3n F\u00edsica Franc\u00e9s Matem\u00e1ticas Soldadura y Calderer\u00eda Dibujo Geograf\u00eda e Historia M\u00fasica Equipos Electr\u00f3nicos Gesti\u00f3n Administrativa Operaciones de Laboratorio<\/p>\n","protected":false},"author":2,"featured_media":0,"parent":11,"menu_order":0,"comment_status":"closed","ping_status":"closed","template":"","meta":{"footnotes":""},"class_list":["post-250","page","type-page","status-publish","hentry"],"_links":{"self":[{"href":"https:\/\/iesjaroso.es\/index.php?rest_route=\/wp\/v2\/pages\/250","targetHints":{"allow":["GET"]}}],"collection":[{"href":"https:\/\/iesjaroso.es\/index.php?rest_route=\/wp\/v2\/pages"}],"about":[{"href":"https:\/\/iesjaroso.es\/index.php?rest_route=\/wp\/v2\/types\/page"}],"author":[{"embeddable":true,"href":"https:\/\/iesjaroso.es\/index.php?rest_route=\/wp\/v2\/users\/2"}],"replies":[{"embeddable":true,"href":"https:\/\/iesjaroso.es\/index.php?rest_route=%2Fwp%2Fv2%2Fcomments&post=250"}],"version-history":[{"count":32,"href":"https:\/\/iesjaroso.es\/index.php?rest_route=\/wp\/v2\/pages\/250\/revisions"}],"predecessor-version":[{"id":3048,"href":"https:\/\/iesjaroso.es\/index.php?rest_route=\/wp\/v2\/pages\/250\/revisions\/3048"}],"up":[{"embeddable":true,"href":"https:\/\/iesjaroso.es\/index.php?rest_route=\/wp\/v2\/pages\/11"}],"wp:attachment":[{"href":"https:\/\/iesjaroso.es\/index.php?rest_route=%2Fwp%2Fv2%2Fmedia&parent=250"}],"curies":[{"name":"wp","href":"https:\/\/api.w.org\/{rel}","templated":true}]}}