{"id":2541,"date":"2020-11-27T11:52:27","date_gmt":"2020-11-27T09:52:27","guid":{"rendered":"https:\/\/iesjaroso.es\/?page_id=2541"},"modified":"2022-04-06T20:58:10","modified_gmt":"2022-04-06T18:58:10","slug":"pacto-estado-contra-la-violencia-genero","status":"publish","type":"page","link":"https:\/\/iesjaroso.es\/?page_id=2541","title":{"rendered":"Pacto Estado contra la Violencia G\u00e9nero"},"content":{"rendered":"\n<div class=\"wp-block-cover\"><span aria-hidden=\"true\" class=\"has-vivid-purple-background-color has-background-dim-100 wp-block-cover__gradient-background has-background-dim\"><\/span><div class=\"wp-block-cover__inner-container is-layout-flow wp-block-cover-is-layout-flow\">\n<p>Curso 2021\/22<\/p>\n\n\n\n<p class=\"has-text-align-center has-large-font-size\">El IES Jaroso celebra el 8M, D\u00eda Internacional de la Mujer<\/p>\n\n\n\n<p>El pasado 8 de Marzo, el IES Jaroso celebr\u00f3 esta efem\u00e9ride a trav\u00e9s de la realizaci\u00f3n de diferentes actividades que, de manera inclusiva e igualitaria, pusieron en valor el trabajo, la importancia y las aportaciones de mujeres de diferentes \u00e1mbitos de la historia universal, as\u00ed como de nuestro entorno m\u00e1s cercano.<\/p>\n<p>\u00abLa mujer de MI vida\u00bb, \u00abRostros de mujer\u00bb, \u00abCalles de mujeres\u00bb, \u00abMural de Frida Kahlo\u00bb, \u00abL\u00e9elo con tus manos\u00bb, \u00abTalleres de recreo\u00bb o la Marcha por la Igualdad&#8230;. son algunas de las actividades en las que el alumnado y el profesorado del centro participaron. Desde aqu\u00ed os damos la enhorabuena a todos y todas.<\/p>\n<p>Como muestra, os dejamos aqu\u00ed el v\u00eddeo resumen de todas estas actividades. Esperamos que os guste.\u00a0<\/p>\n\n\n\n<figure class=\"wp-block-embed is-type-video is-provider-youtube wp-block-embed-youtube wp-embed-aspect-16-9 wp-has-aspect-ratio\"><div class=\"wp-block-embed__wrapper\">\n<iframe title=\"Actividades del IES Jaroso en el 8M 2022\" width=\"640\" height=\"360\" src=\"https:\/\/www.youtube.com\/embed\/Ib7LZG183TU?feature=oembed\" frameborder=\"0\" allow=\"accelerometer; autoplay; clipboard-write; encrypted-media; gyroscope; picture-in-picture; web-share\" referrerpolicy=\"strict-origin-when-cross-origin\" allowfullscreen><\/iframe>\n<\/div><\/figure>\n<\/div><\/div>\n\n\n\n<div class=\"wp-block-cover is-light\"><span aria-hidden=\"true\" class=\"has-pale-pink-background-color has-background-dim-100 wp-block-cover__gradient-background has-background-dim\"><\/span><div class=\"wp-block-cover__inner-container is-layout-flow wp-block-cover-is-layout-flow\">\n<p class=\"has-text-align-center\"><strong><mark style=\"background-color:rgba(0, 0, 0, 0)\" class=\"has-inline-color has-vivid-purple-color\">Algunas im\u00e1genes de los trabajos realizados en igualdad con la ayuda econ\u00f3mica del Pacto de Estado contra la Violencia de G\u00e9nero del Gobierno de Espa\u00f1a y la Junta de Andaluc\u00eda.<\/mark><\/strong><\/p>\n\n\n\n<blockquote class=\"wp-block-quote is-layout-flow wp-block-quote-is-layout-flow\"><p>Curso 2020\/21<\/p><\/blockquote>\n<\/div><\/div>\n\n\n<p>Algunas im\u00e1genes de los trabajos realizados en igualdad con la ayuda econ\u00f3mica del <strong>Pacto de Estado contra la Violencia<\/strong> de G\u00e9nero del Gobierno de Espa\u00f1a y la Junta de Andaluc\u00eda.<\/p>\n<figure class=\"gallery-item\"><a href=\"https:\/\/iesjaroso.es\/wp-content\/uploads\/1-portada-profesorado-dia-4-2020-partido-final-si-pdf-scaled.jpg\" data-elementor-open-lightbox=\"yes\" data-elementor-lightbox-slideshow=\"f0225ca\" data-elementor-lightbox-title=\"1 portada profesorado dia 4 2020 partido final si pdf\"><img decoding=\"async\" src=\"https:\/\/iesjaroso.es\/wp-content\/uploads\/1-portada-profesorado-dia-4-2020-partido-final-si-pdf-150x150.jpg\" alt=\"\" width=\"150\" height=\"150\"><\/a><\/figure>\n<figure class=\"gallery-item\"><a href=\"https:\/\/iesjaroso.es\/wp-content\/uploads\/s-122851501_3707734962580978_8077048832272401330_o.jpg\" data-elementor-open-lightbox=\"yes\" data-elementor-lightbox-slideshow=\"f0225ca\" data-elementor-lightbox-title=\"s 122851501_3707734962580978_8077048832272401330_o\"><img decoding=\"async\" src=\"https:\/\/iesjaroso.es\/wp-content\/uploads\/s-122851501_3707734962580978_8077048832272401330_o-150x150.jpg\" alt=\"\" width=\"150\" height=\"150\"><\/a><\/figure>\n<figure class=\"gallery-item\"><a href=\"https:\/\/iesjaroso.es\/wp-content\/uploads\/portada-alumnado-dia-2-si.jpg\" data-elementor-open-lightbox=\"yes\" data-elementor-lightbox-slideshow=\"f0225ca\" data-elementor-lightbox-title=\"portada alumnado dia 2 si\"><img decoding=\"async\" src=\"https:\/\/iesjaroso.es\/wp-content\/uploads\/portada-alumnado-dia-2-si-150x150.jpg\" alt=\"\" width=\"150\" height=\"150\"><\/a><\/figure>\n<figure class=\"gallery-item\"><a href=\"https:\/\/iesjaroso.es\/wp-content\/uploads\/pacto-de-estado-contra-la-viollencia-genero-logos-recortado.jpg\" data-elementor-open-lightbox=\"yes\" data-elementor-lightbox-slideshow=\"f0225ca\" data-elementor-lightbox-title=\"pacto de estado contra la viollencia genero logos recortado\"><img loading=\"lazy\" decoding=\"async\" src=\"https:\/\/iesjaroso.es\/wp-content\/uploads\/pacto-de-estado-contra-la-viollencia-genero-logos-recortado-150x150.jpg\" alt=\"\" width=\"150\" height=\"150\"><\/a><\/figure>\n<figure class=\"gallery-item\"><a href=\"https:\/\/iesjaroso.es\/wp-content\/uploads\/e-122855874_3707734372581037_1708866359781015440_o.jpg\" data-elementor-open-lightbox=\"yes\" data-elementor-lightbox-slideshow=\"f0225ca\" data-elementor-lightbox-title=\"e 122855874_3707734372581037_1708866359781015440_o\"><img loading=\"lazy\" decoding=\"async\" src=\"https:\/\/iesjaroso.es\/wp-content\/uploads\/e-122855874_3707734372581037_1708866359781015440_o-150x150.jpg\" alt=\"\" width=\"150\" height=\"150\"><\/a><\/figure>\n<figure class=\"gallery-item\"><a href=\"https:\/\/iesjaroso.es\/wp-content\/uploads\/DSCN0159-scaled.jpg\" data-elementor-open-lightbox=\"yes\" data-elementor-lightbox-slideshow=\"f0225ca\" data-elementor-lightbox-title=\"DSCN0159\"><img loading=\"lazy\" decoding=\"async\" src=\"https:\/\/iesjaroso.es\/wp-content\/uploads\/DSCN0159-150x150.jpg\" alt=\"\" width=\"150\" height=\"150\"><\/a><\/figure>\n<figure class=\"gallery-item\"><a href=\"https:\/\/iesjaroso.es\/wp-content\/uploads\/123138889_3707734229247718_830411407328285172_o.jpg\" data-elementor-open-lightbox=\"yes\" data-elementor-lightbox-slideshow=\"f0225ca\" data-elementor-lightbox-title=\"123138889_3707734229247718_830411407328285172_o\"><img loading=\"lazy\" decoding=\"async\" src=\"https:\/\/iesjaroso.es\/wp-content\/uploads\/123138889_3707734229247718_830411407328285172_o-150x150.jpg\" alt=\"\" width=\"150\" height=\"150\"><\/a><\/figure>\n<figure class=\"gallery-item\"><a href=\"https:\/\/iesjaroso.es\/wp-content\/uploads\/123094678_3707734449247696_6676413546656897915_o.jpg\" data-elementor-open-lightbox=\"yes\" data-elementor-lightbox-slideshow=\"f0225ca\" data-elementor-lightbox-title=\"123094678_3707734449247696_6676413546656897915_o\"><img loading=\"lazy\" decoding=\"async\" src=\"https:\/\/iesjaroso.es\/wp-content\/uploads\/123094678_3707734449247696_6676413546656897915_o-150x150.jpg\" alt=\"\" width=\"150\" height=\"150\"><\/a><\/figure>\n<figure class=\"gallery-item\"><a href=\"https:\/\/iesjaroso.es\/wp-content\/uploads\/123047089_3707733959247745_7223626206628146258_o.jpg\" data-elementor-open-lightbox=\"yes\" data-elementor-lightbox-slideshow=\"f0225ca\" data-elementor-lightbox-title=\"123047089_3707733959247745_7223626206628146258_o\"><img loading=\"lazy\" decoding=\"async\" src=\"https:\/\/iesjaroso.es\/wp-content\/uploads\/123047089_3707733959247745_7223626206628146258_o-150x150.jpg\" alt=\"\" width=\"150\" height=\"150\"><\/a><\/figure>\n<figure class=\"gallery-item\"><a href=\"https:\/\/iesjaroso.es\/wp-content\/uploads\/122837134_3707734769247664_1584549707185198289_o.jpg\" data-elementor-open-lightbox=\"yes\" data-elementor-lightbox-slideshow=\"f0225ca\" data-elementor-lightbox-title=\"122837134_3707734769247664_1584549707185198289_o\"><img loading=\"lazy\" decoding=\"async\" src=\"https:\/\/iesjaroso.es\/wp-content\/uploads\/122837134_3707734769247664_1584549707185198289_o-150x150.jpg\" alt=\"\" width=\"150\" height=\"150\"><\/a><\/figure>\n<figure class=\"gallery-item\"><a href=\"https:\/\/iesjaroso.es\/wp-content\/uploads\/122858418_3707733659247775_6099210087103738666_o.jpg\" data-elementor-open-lightbox=\"yes\" data-elementor-lightbox-slideshow=\"f0225ca\" data-elementor-lightbox-title=\"122858418_3707733659247775_6099210087103738666_o\"><img loading=\"lazy\" decoding=\"async\" src=\"https:\/\/iesjaroso.es\/wp-content\/uploads\/122858418_3707733659247775_6099210087103738666_o-150x150.jpg\" alt=\"\" width=\"150\" height=\"150\"><\/a><\/figure>\n<figure class=\"gallery-item\"><a href=\"https:\/\/iesjaroso.es\/wp-content\/uploads\/122873751_3707734709247670_322573423404058591_o.jpg\" data-elementor-open-lightbox=\"yes\" data-elementor-lightbox-slideshow=\"f0225ca\" data-elementor-lightbox-title=\"122873751_3707734709247670_322573423404058591_o\"><img loading=\"lazy\" decoding=\"async\" src=\"https:\/\/iesjaroso.es\/wp-content\/uploads\/122873751_3707734709247670_322573423404058591_o-150x150.jpg\" alt=\"\" width=\"150\" height=\"150\"><\/a><\/figure>\n<figure class=\"gallery-item\"><a href=\"https:\/\/iesjaroso.es\/wp-content\/uploads\/122873753_3707734645914343_136853282478680044_o.jpg\" data-elementor-open-lightbox=\"yes\" data-elementor-lightbox-slideshow=\"f0225ca\" data-elementor-lightbox-title=\"122873753_3707734645914343_136853282478680044_o\"><img loading=\"lazy\" decoding=\"async\" src=\"https:\/\/iesjaroso.es\/wp-content\/uploads\/122873753_3707734645914343_136853282478680044_o-150x150.jpg\" alt=\"\" width=\"150\" height=\"150\"><\/a><\/figure>\n<figure class=\"gallery-item\"><a href=\"https:\/\/iesjaroso.es\/wp-content\/uploads\/122878650_3707733765914431_2676382336015600586_o.jpg\" data-elementor-open-lightbox=\"yes\" data-elementor-lightbox-slideshow=\"f0225ca\" data-elementor-lightbox-title=\"122878650_3707733765914431_2676382336015600586_o\"><img loading=\"lazy\" decoding=\"async\" src=\"https:\/\/iesjaroso.es\/wp-content\/uploads\/122878650_3707733765914431_2676382336015600586_o-150x150.jpg\" alt=\"\" width=\"150\" height=\"150\"><\/a><\/figure>\n<figure class=\"gallery-item\"><a href=\"https:\/\/iesjaroso.es\/wp-content\/uploads\/122887843_3707733755914432_8567544471413572529_o.jpg\" data-elementor-open-lightbox=\"yes\" data-elementor-lightbox-slideshow=\"f0225ca\" data-elementor-lightbox-title=\"122887843_3707733755914432_8567544471413572529_o\"><img loading=\"lazy\" decoding=\"async\" src=\"https:\/\/iesjaroso.es\/wp-content\/uploads\/122887843_3707733755914432_8567544471413572529_o-150x150.jpg\" alt=\"\" width=\"150\" height=\"150\"><\/a><\/figure>\n<figure class=\"gallery-item\"><a href=\"https:\/\/iesjaroso.es\/wp-content\/uploads\/122891263_3707735009247640_7275530203302512204_o.jpg\" data-elementor-open-lightbox=\"yes\" data-elementor-lightbox-slideshow=\"f0225ca\" data-elementor-lightbox-title=\"122891263_3707735009247640_7275530203302512204_o\"><img loading=\"lazy\" decoding=\"async\" src=\"https:\/\/iesjaroso.es\/wp-content\/uploads\/122891263_3707735009247640_7275530203302512204_o-150x150.jpg\" alt=\"\" width=\"150\" height=\"150\"><\/a><\/figure>\n<figure class=\"gallery-item\"><a href=\"https:\/\/iesjaroso.es\/wp-content\/uploads\/122907209_3707733955914412_7483821036359771166_o.jpg\" data-elementor-open-lightbox=\"yes\" data-elementor-lightbox-slideshow=\"f0225ca\" data-elementor-lightbox-title=\"122907209_3707733955914412_7483821036359771166_o\"><img loading=\"lazy\" decoding=\"async\" src=\"https:\/\/iesjaroso.es\/wp-content\/uploads\/122907209_3707733955914412_7483821036359771166_o-150x150.jpg\" alt=\"\" width=\"150\" height=\"150\"><\/a><\/figure>\n<figure class=\"gallery-item\"><a href=\"https:\/\/iesjaroso.es\/wp-content\/uploads\/122935460_3707734985914309_6058750598536619718_o.jpg\" data-elementor-open-lightbox=\"yes\" data-elementor-lightbox-slideshow=\"f0225ca\" data-elementor-lightbox-title=\"122935460_3707734985914309_6058750598536619718_o\"><img loading=\"lazy\" decoding=\"async\" src=\"https:\/\/iesjaroso.es\/wp-content\/uploads\/122935460_3707734985914309_6058750598536619718_o-150x150.jpg\" alt=\"\" width=\"150\" height=\"150\"><\/a><\/figure>\n<p><iframe title=\"IES Jaroso Grafiti por la igualdad Pacto de Estado contra la violencia de g\u00e9nero\" width=\"640\" height=\"360\" src=\"https:\/\/www.youtube.com\/embed\/G3t5KcuiYsI?feature=oembed\" frameborder=\"0\" allow=\"accelerometer; autoplay; clipboard-write; encrypted-media; gyroscope; picture-in-picture; web-share\" referrerpolicy=\"strict-origin-when-cross-origin\" allowfullscreen><\/iframe><\/p>\n<p><iframe title=\"SALDREMOS IES Jaroso confinamiento gracias y so\u00f1ar The Pulpi Post (Conviendo VIII. Gente del Jaroso)\" width=\"640\" height=\"360\" src=\"https:\/\/www.youtube.com\/embed\/JNBQj1hkghI?feature=oembed\" frameborder=\"0\" allow=\"accelerometer; autoplay; clipboard-write; encrypted-media; gyroscope; picture-in-picture; web-share\" referrerpolicy=\"strict-origin-when-cross-origin\" allowfullscreen><\/iframe><\/p>\n<p><iframe title=\"Jaroso Andalucia por la igualdad\" width=\"640\" height=\"360\" src=\"https:\/\/www.youtube.com\/embed\/f8UMjzexh7I?feature=oembed\" frameborder=\"0\" allow=\"accelerometer; autoplay; clipboard-write; encrypted-media; gyroscope; picture-in-picture; web-share\" referrerpolicy=\"strict-origin-when-cross-origin\" allowfullscreen><\/iframe><\/p>\n<p><iframe title=\"IES Jaroso fisica sobrevivir instituto 2FPB Tecnolog\u00eda The Pulpi Post\" width=\"640\" height=\"360\" src=\"https:\/\/www.youtube.com\/embed\/rxXePgzUfwQ?feature=oembed\" frameborder=\"0\" allow=\"accelerometer; autoplay; clipboard-write; encrypted-media; gyroscope; picture-in-picture; web-share\" referrerpolicy=\"strict-origin-when-cross-origin\" allowfullscreen><\/iframe><\/p>\n\n\n<p><\/p>\n\n\n\n<p><\/p>\n","protected":false},"excerpt":{"rendered":"<p>Algunas im\u00e1genes de los trabajos realizados en igualdad con la ayuda econ\u00f3mica del Pacto de Estado contra la Violencia de G\u00e9nero del Gobierno de Espa\u00f1a y la Junta de Andaluc\u00eda.<\/p>\n","protected":false},"author":2,"featured_media":0,"parent":0,"menu_order":0,"comment_status":"closed","ping_status":"closed","template":"","meta":{"footnotes":""},"class_list":["post-2541","page","type-page","status-publish","hentry"],"_links":{"self":[{"href":"https:\/\/iesjaroso.es\/index.php?rest_route=\/wp\/v2\/pages\/2541","targetHints":{"allow":["GET"]}}],"collection":[{"href":"https:\/\/iesjaroso.es\/index.php?rest_route=\/wp\/v2\/pages"}],"about":[{"href":"https:\/\/iesjaroso.es\/index.php?rest_route=\/wp\/v2\/types\/page"}],"author":[{"embeddable":true,"href":"https:\/\/iesjaroso.es\/index.php?rest_route=\/wp\/v2\/users\/2"}],"replies":[{"embeddable":true,"href":"https:\/\/iesjaroso.es\/index.php?rest_route=%2Fwp%2Fv2%2Fcomments&post=2541"}],"version-history":[{"count":16,"href":"https:\/\/iesjaroso.es\/index.php?rest_route=\/wp\/v2\/pages\/2541\/revisions"}],"predecessor-version":[{"id":3327,"href":"https:\/\/iesjaroso.es\/index.php?rest_route=\/wp\/v2\/pages\/2541\/revisions\/3327"}],"wp:attachment":[{"href":"https:\/\/iesjaroso.es\/index.php?rest_route=%2Fwp%2Fv2%2Fmedia&parent=2541"}],"curies":[{"name":"wp","href":"https:\/\/api.w.org\/{rel}","templated":true}]}}