{"id":2777,"date":"2021-04-09T09:17:12","date_gmt":"2021-04-09T07:17:12","guid":{"rendered":"https:\/\/iesjaroso.es\/?page_id=2777"},"modified":"2021-05-26T21:25:54","modified_gmt":"2021-05-26T19:25:54","slug":"profundiza","status":"publish","type":"page","link":"https:\/\/iesjaroso.es\/?page_id=2777","title":{"rendered":"Profundiza"},"content":{"rendered":"\n<p>Bonjour!<\/p>\n\n\n\n<p>Somos Ainhoa, Alba, Andr\u00e9s, Clara, Daniela, F\u00e1tima, Jomara, Miguel \u00c1ngel y Natalia, alumnos de 2\u00ba de la ESO, y hemos empezado el proyecto <strong>\u00abDe Saintes \u00e0 Cuevas\u00bb<\/strong>,&nbsp; junto a la profesora de franc\u00e9s Marina. Iremos buscando poco a poco informaci\u00f3n sobre la relaci\u00f3n de hermanamiento entre estas dos ciudades\u2026 Pod\u00e9is seguir nuestros avances en Instagram: <a href=\"https:\/\/instagram.com\/_cuevas_saintes_?igshid=jkdlf6ofskf9\">_cuevas_saintes_<\/a> y en nuestro Sites <a href=\"https:\/\/sites.google.com\/view\/desaintescuevas\/pr\u00e9sentation\">De Saintes \u00e0 Cuevas<\/a>.<\/p>\n\n\n\n<figure class=\"wp-block-image size-large\"><img fetchpriority=\"high\" decoding=\"async\" width=\"1024\" height=\"768\" src=\"https:\/\/iesjaroso.es\/wp-content\/uploads\/Profundiza-min-1024x768.jpg\" alt=\"\" class=\"wp-image-2778\" srcset=\"https:\/\/iesjaroso.es\/wp-content\/uploads\/Profundiza-min-1024x768.jpg 1024w, https:\/\/iesjaroso.es\/wp-content\/uploads\/Profundiza-min-300x225.jpg 300w, https:\/\/iesjaroso.es\/wp-content\/uploads\/Profundiza-min-768x576.jpg 768w, https:\/\/iesjaroso.es\/wp-content\/uploads\/Profundiza-min-1536x1152.jpg 1536w, https:\/\/iesjaroso.es\/wp-content\/uploads\/Profundiza-min-2048x1536.jpg 2048w, https:\/\/iesjaroso.es\/wp-content\/uploads\/Profundiza-min-360x270.jpg 360w\" sizes=\"(max-width: 1024px) 100vw, 1024px\" \/><\/figure>\n\n\n\n<p>Durante nuestra 6\u00aa sesi\u00f3n del Proyecto, recibimos la visita de Don Antonio Llaguno, antiguo alcalde de Cuevas del Almanzora y bajo cuyo mandato se puso en marcha el hermanamiento con Saintes, y de Do\u00f1a Ana M\u00aa Castro, edil de Educaci\u00f3n y Salud del Ayuntamiento de Cuevas. Antonio nos ha contado muchas cosas interesantes sobre la relaci\u00f3n entre estas dos ciudades y hemos podido preguntarle otras muchas. <\/p>\n\n\n\n<p>Pronto os lo contaremos todo&#8230; c&#8217;est promis! Agradecemos desde aqu\u00ed toda la ayuda y colaboraci\u00f3n que el Ayuntamiento est\u00e1 poniendo a nuestra\u00a0disposici\u00f3n.<\/p>\n\n\n\n<figure class=\"wp-block-gallery columns-3 is-cropped wp-block-gallery-1 is-layout-flex wp-block-gallery-is-layout-flex\"><ul class=\"blocks-gallery-grid\"><li class=\"blocks-gallery-item\"><figure><img decoding=\"async\" width=\"510\" height=\"403\" src=\"https:\/\/iesjaroso.es\/wp-content\/uploads\/5CB5D853-5425-4CFE-92BF-8F8DDC613124.jpg\" alt=\"\" data-id=\"2892\" data-full-url=\"https:\/\/iesjaroso.es\/wp-content\/uploads\/5CB5D853-5425-4CFE-92BF-8F8DDC613124.jpg\" data-link=\"https:\/\/iesjaroso.es\/?attachment_id=2892\" class=\"wp-image-2892\" srcset=\"https:\/\/iesjaroso.es\/wp-content\/uploads\/5CB5D853-5425-4CFE-92BF-8F8DDC613124.jpg 510w, https:\/\/iesjaroso.es\/wp-content\/uploads\/5CB5D853-5425-4CFE-92BF-8F8DDC613124-300x237.jpg 300w, https:\/\/iesjaroso.es\/wp-content\/uploads\/5CB5D853-5425-4CFE-92BF-8F8DDC613124-342x270.jpg 342w\" sizes=\"(max-width: 510px) 100vw, 510px\" \/><\/figure><\/li><li class=\"blocks-gallery-item\"><figure><img decoding=\"async\" width=\"1024\" height=\"806\" src=\"https:\/\/iesjaroso.es\/wp-content\/uploads\/7BF4AC32-DD9D-4354-B114-54ED345DC035-1024x806.jpg\" alt=\"\" data-id=\"2893\" data-full-url=\"https:\/\/iesjaroso.es\/wp-content\/uploads\/7BF4AC32-DD9D-4354-B114-54ED345DC035.jpg\" data-link=\"https:\/\/iesjaroso.es\/?attachment_id=2893\" class=\"wp-image-2893\" srcset=\"https:\/\/iesjaroso.es\/wp-content\/uploads\/7BF4AC32-DD9D-4354-B114-54ED345DC035-1024x806.jpg 1024w, https:\/\/iesjaroso.es\/wp-content\/uploads\/7BF4AC32-DD9D-4354-B114-54ED345DC035-300x236.jpg 300w, https:\/\/iesjaroso.es\/wp-content\/uploads\/7BF4AC32-DD9D-4354-B114-54ED345DC035-768x604.jpg 768w, https:\/\/iesjaroso.es\/wp-content\/uploads\/7BF4AC32-DD9D-4354-B114-54ED345DC035-343x270.jpg 343w, https:\/\/iesjaroso.es\/wp-content\/uploads\/7BF4AC32-DD9D-4354-B114-54ED345DC035.jpg 1440w\" sizes=\"(max-width: 1024px) 100vw, 1024px\" \/><\/figure><\/li><li class=\"blocks-gallery-item\"><figure><img loading=\"lazy\" decoding=\"async\" width=\"1024\" height=\"806\" src=\"https:\/\/iesjaroso.es\/wp-content\/uploads\/8C6B5A4C-2D5E-4B2B-B8DB-BF816114F61F-1024x806.jpg\" alt=\"\" data-id=\"2894\" data-full-url=\"https:\/\/iesjaroso.es\/wp-content\/uploads\/8C6B5A4C-2D5E-4B2B-B8DB-BF816114F61F.jpg\" data-link=\"https:\/\/iesjaroso.es\/?attachment_id=2894\" class=\"wp-image-2894\" srcset=\"https:\/\/iesjaroso.es\/wp-content\/uploads\/8C6B5A4C-2D5E-4B2B-B8DB-BF816114F61F-1024x806.jpg 1024w, https:\/\/iesjaroso.es\/wp-content\/uploads\/8C6B5A4C-2D5E-4B2B-B8DB-BF816114F61F-300x236.jpg 300w, https:\/\/iesjaroso.es\/wp-content\/uploads\/8C6B5A4C-2D5E-4B2B-B8DB-BF816114F61F-768x604.jpg 768w, https:\/\/iesjaroso.es\/wp-content\/uploads\/8C6B5A4C-2D5E-4B2B-B8DB-BF816114F61F-343x270.jpg 343w, https:\/\/iesjaroso.es\/wp-content\/uploads\/8C6B5A4C-2D5E-4B2B-B8DB-BF816114F61F.jpg 1440w\" sizes=\"(max-width: 1024px) 100vw, 1024px\" \/><\/figure><\/li><li class=\"blocks-gallery-item\"><figure><img loading=\"lazy\" decoding=\"async\" width=\"1024\" height=\"811\" src=\"https:\/\/iesjaroso.es\/wp-content\/uploads\/AD59063F-FD7D-462C-9ACC-BF659991CD40-1024x811.jpg\" alt=\"\" data-id=\"2895\" data-full-url=\"https:\/\/iesjaroso.es\/wp-content\/uploads\/AD59063F-FD7D-462C-9ACC-BF659991CD40.jpg\" data-link=\"https:\/\/iesjaroso.es\/?attachment_id=2895\" class=\"wp-image-2895\" srcset=\"https:\/\/iesjaroso.es\/wp-content\/uploads\/AD59063F-FD7D-462C-9ACC-BF659991CD40-1024x811.jpg 1024w, https:\/\/iesjaroso.es\/wp-content\/uploads\/AD59063F-FD7D-462C-9ACC-BF659991CD40-300x238.jpg 300w, https:\/\/iesjaroso.es\/wp-content\/uploads\/AD59063F-FD7D-462C-9ACC-BF659991CD40-768x608.jpg 768w, https:\/\/iesjaroso.es\/wp-content\/uploads\/AD59063F-FD7D-462C-9ACC-BF659991CD40-341x270.jpg 341w, https:\/\/iesjaroso.es\/wp-content\/uploads\/AD59063F-FD7D-462C-9ACC-BF659991CD40.jpg 1440w\" sizes=\"(max-width: 1024px) 100vw, 1024px\" \/><\/figure><\/li><li class=\"blocks-gallery-item\"><figure><img loading=\"lazy\" decoding=\"async\" width=\"399\" height=\"316\" src=\"https:\/\/iesjaroso.es\/wp-content\/uploads\/F8E6CE5D-FA33-42C6-97D7-D904BF09F876.jpg\" alt=\"\" data-id=\"2896\" data-full-url=\"https:\/\/iesjaroso.es\/wp-content\/uploads\/F8E6CE5D-FA33-42C6-97D7-D904BF09F876.jpg\" data-link=\"https:\/\/iesjaroso.es\/?attachment_id=2896\" class=\"wp-image-2896\" srcset=\"https:\/\/iesjaroso.es\/wp-content\/uploads\/F8E6CE5D-FA33-42C6-97D7-D904BF09F876.jpg 399w, https:\/\/iesjaroso.es\/wp-content\/uploads\/F8E6CE5D-FA33-42C6-97D7-D904BF09F876-300x238.jpg 300w, https:\/\/iesjaroso.es\/wp-content\/uploads\/F8E6CE5D-FA33-42C6-97D7-D904BF09F876-341x270.jpg 341w\" sizes=\"(max-width: 399px) 100vw, 399px\" \/><\/figure><\/li><\/ul><\/figure>\n","protected":false},"excerpt":{"rendered":"<p>Bonjour! Somos Ainhoa, Alba, Andr\u00e9s, Clara, Daniela, F\u00e1tima, Jomara, Miguel \u00c1ngel y Natalia, alumnos de 2\u00ba de la ESO, y hemos empezado el proyecto \u00abDe Saintes \u00e0 Cuevas\u00bb,&nbsp; junto a la profesora de franc\u00e9s Marina. Iremos buscando poco a poco informaci\u00f3n sobre la relaci\u00f3n de hermanamiento entre estas dos ciudades\u2026 Pod\u00e9is seguir nuestros avances en [&hellip;]<\/p>\n","protected":false},"author":2,"featured_media":0,"parent":0,"menu_order":0,"comment_status":"closed","ping_status":"closed","template":"","meta":{"footnotes":""},"class_list":["post-2777","page","type-page","status-publish","hentry"],"_links":{"self":[{"href":"https:\/\/iesjaroso.es\/index.php?rest_route=\/wp\/v2\/pages\/2777","targetHints":{"allow":["GET"]}}],"collection":[{"href":"https:\/\/iesjaroso.es\/index.php?rest_route=\/wp\/v2\/pages"}],"about":[{"href":"https:\/\/iesjaroso.es\/index.php?rest_route=\/wp\/v2\/types\/page"}],"author":[{"embeddable":true,"href":"https:\/\/iesjaroso.es\/index.php?rest_route=\/wp\/v2\/users\/2"}],"replies":[{"embeddable":true,"href":"https:\/\/iesjaroso.es\/index.php?rest_route=%2Fwp%2Fv2%2Fcomments&post=2777"}],"version-history":[{"count":2,"href":"https:\/\/iesjaroso.es\/index.php?rest_route=\/wp\/v2\/pages\/2777\/revisions"}],"predecessor-version":[{"id":2897,"href":"https:\/\/iesjaroso.es\/index.php?rest_route=\/wp\/v2\/pages\/2777\/revisions\/2897"}],"wp:attachment":[{"href":"https:\/\/iesjaroso.es\/index.php?rest_route=%2Fwp%2Fv2%2Fmedia&parent=2777"}],"curies":[{"name":"wp","href":"https:\/\/api.w.org\/{rel}","templated":true}]}}