{"id":432,"date":"2016-09-11T11:04:35","date_gmt":"2016-09-11T11:04:35","guid":{"rendered":"https:\/\/iesjaroso.wordpress.com\/?page_id=432"},"modified":"2026-03-08T12:33:25","modified_gmt":"2026-03-08T10:33:25","slug":"caracteristicas","status":"publish","type":"page","link":"https:\/\/iesjaroso.es\/?page_id=432","title":{"rendered":"Nuestro Centro"},"content":{"rendered":"\t\t<div data-elementor-type=\"wp-page\" data-elementor-id=\"432\" class=\"elementor elementor-432\">\n\t\t\t\t\t\t<section class=\"elementor-section elementor-top-section elementor-element elementor-element-6a78cb9 elementor-section-boxed elementor-section-height-default elementor-section-height-default\" data-id=\"6a78cb9\" data-element_type=\"section\" data-e-type=\"section\">\n\t\t\t\t\t\t<div class=\"elementor-container elementor-column-gap-default\">\n\t\t\t\t\t<div class=\"elementor-column elementor-col-100 elementor-top-column elementor-element elementor-element-9ad3abb\" data-id=\"9ad3abb\" data-element_type=\"column\" data-e-type=\"column\">\n\t\t\t<div class=\"elementor-widget-wrap elementor-element-populated\">\n\t\t\t\t\t\t<div class=\"elementor-element elementor-element-b05f689 elementor-widget elementor-widget-text-editor\" data-id=\"b05f689\" data-element_type=\"widget\" data-e-type=\"widget\" data-widget_type=\"text-editor.default\">\n\t\t\t\t<div class=\"elementor-widget-container\">\n\t\t\t\t\t\t\t\t\t<p><img fetchpriority=\"high\" decoding=\"async\" class=\"aligncenter wp-image-1849\" src=\"http:\/\/iesjaroso.es\/clon1\/wp-content\/uploads\/descarga.jpeg\" alt=\"\" width=\"310\" height=\"182\" \/><\/p><p><span style=\"font-weight: 400;\">Nuestro Centro se encuentra en la localidad de Cuevas del Almanzora, municipio de la provincia de Almer\u00eda, Andaluc\u00eda, Espa\u00f1a. El \u00e1mbito territorial de influencia del IES JAROSO, coincide con los l\u00edmites municipales. El municipio de Cuevas del Almanzora se sit\u00faa en el noreste de la provincia de Almer\u00eda, rodeado de los municipios de Vera y Antas al sur, Hu\u00e9rcal Overa y Pulp\u00ed al norte y la costa mediterr\u00e1nea al este. Una zona monta\u00f1osa, la Sierra de Monte Almagro al norte del municipio y otra a lo largo de la costa, Sierra Almagrera, limitan el valle del r\u00edo Almanzora hasta su desembocadura, que junto con sus ramblas producen las zonas llanas donde se asientan la mayor parte de los n\u00facleos de poblaci\u00f3n del municipio, a excepci\u00f3n de Villaricos y Pozo del Esparto en la costa. Hay dos pedan\u00edas que por su tama\u00f1o destacan del resto son Guazamara al noreste y Palomares hacia el sureste.<\/span><\/p><p><strong><span style=\"text-decoration: underline;\">Caracter\u00edsticas generales del instituto:<\/span><\/strong><\/p><p>Es un IES con m\u00e1s de 50 a\u00f1os de historia. Lleva el nombre del barranco donde se encontr\u00f3 el fil\u00f3n m\u00e1s importante de plata de Sierra Almagrera, as\u00ed como la jarosita, que le da nombre: el barranco de \u201cEl Jaroso\u201d.<\/p><p>Los Centros de Ense\u00f1anza Primaria con que cuenta el municipio est\u00e1n adscritos a nuestro centro y son: CEIP \u201cNtra. Sra. Del Carmen\u201d, CEIP \u201cEncarnaci\u00f3n Asensio Granados\u201d, y CEIP \u201c\u00c1lvarez de Sotomayor\u201d, en el n\u00facleo urbano de Cuevas del Almanzora; CEIP Rural Sierra Almagrera, que acoge a varios n\u00facleos del municipio; CEIP \u201cNtra. Sra. del Rosario\u201d, en el n\u00facleo de Guazamara; y CEIP \u201cAlarc\u00f3n Fern\u00e1ndez de Arellano\u201d, en el n\u00facleo de Palomares.<\/p><p><img decoding=\"async\" class=\"aligncenter wp-image-1851 size-full\" src=\"http:\/\/iesjaroso.es\/clon1\/wp-content\/uploads\/unnamed.jpg\" alt=\"\" width=\"512\" height=\"98\" srcset=\"https:\/\/iesjaroso.es\/wp-content\/uploads\/unnamed.jpg 512w, https:\/\/iesjaroso.es\/wp-content\/uploads\/unnamed-300x57.jpg 300w\" sizes=\"(max-width: 512px) 100vw, 512px\" \/><\/p><p><span style=\"text-decoration: underline;\"><strong>Ense\u00f1anzas que imparte:<\/strong><\/span><\/p><ul><li>Ense\u00f1anza Secundaria Obligatoria (1\u00ba, 2\u00ba, 3\u00ba y 4\u00ba)<\/li><li>Educaci\u00f3n Especial (Aula Espec\u00edfica)<\/li><li>Grado D Ciclo Formativo Grado B\u00e1sico de Instalaciones Electrot\u00e9cnicas y Mec\u00e1nica<\/li><li>Bachillerato, en las modalidades de Ciencias y Tecnolog\u00eda y Humanidades y Ciencias Sociales<\/li><li>Ense\u00f1anza Secundaria de Adultos Semipresencial (1\u00ba y 2\u00ba Nivel)<\/li><li>Grado D Ciclos Formativos de Grado Medio:<ul><li>Gesti\u00f3n Administrativa<\/li><li>Instalaciones de Telecomunicaciones<\/li><li>Operaciones de Laboratorio<\/li><li>Soldadura y Calderer\u00eda<\/li><\/ul><\/li><li>Grado D Ciclos Formativos de Grado Superior:<ul><li>Desarrollo de Aplicaciones Web<\/li><li>Sistemas de Telecomunicaciones e Inform\u00e1ticos.<\/li><\/ul><\/li><\/ul><p><img decoding=\"async\" class=\"alignnone size-full wp-image-1850 aligncenter\" src=\"http:\/\/iesjaroso.es\/clon1\/wp-content\/uploads\/images.jpeg\" alt=\"\" width=\"275\" height=\"183\" \/><\/p><p><span style=\"text-decoration: underline;\"><strong>Servicios ofertados:<\/strong><\/span><\/p><ul><li>Comedor<\/li><li>Transporte Escolar<\/li><\/ul><p><span style=\"text-decoration: underline;\"><strong>Planes y proyectos estrat\u00e9gicos:<\/strong><\/span><\/p><ul><li>Plan de actuaci\u00f3n digital<\/li><li>Programa de biling\u00fcismo en la ESO<\/li><li>Plan de salud laboral y P.R.L.<\/li><li>Plan de Biblioteca<\/li><li>Plan de tratamiento de la lectura para el despliegue de la competencia en comunicaci\u00f3n ling\u00fc\u00edstica<\/li><li>Plan de Igualdad<\/li><li>Plan de internacionalizaci\u00f3n: ERASMUS +<\/li><li>Plan de compensaci\u00f3n educativa: El Aula Temporal de Adaptaci\u00f3n Ling\u00fc\u00edstica (ATAL), el PROA (Programa de Acompa\u00f1amiento Escolar, el Programa de Acompa\u00f1amiento Ling\u00fc\u00edstico para Alumnado Inmigrante) y el Programa de Atenci\u00f3n Socioeducativa en Zonas con Necesidades de Transformaci\u00f3n Social (ZTS)<\/li><li>Proyecto de recreos activos.<\/li><\/ul><p><strong><span style=\"text-decoration: underline;\">Instalaciones:<\/span><\/strong><\/p><p><span style=\"font-weight: 400;\">El centro consta de cuatro edificios:<\/span><\/p><ul><li><span style=\"font-weight: 400;\">El principal donde se encuentran la administraci\u00f3n, direcci\u00f3n, departamentos, aulas espec\u00edficas, 2 laboratorios, sala del profesorado, 17 aulas de grupo, 4 aulas de desdoble, aulas de educaci\u00f3n especial, 2 aulas -taller de teleco, 2 aulas de inform\u00e1tica, aula de pl\u00e1stica, aula ATECA, aula de emprendimiento, aula de PT, aula de ATAL, aula de convivencia, biblioteca aula taller de tecnolog\u00eda y aula-taller de rob\u00f3tica<\/span><\/li><li><span style=\"font-weight: 400;\">Otro aulario donde se encuentra la cantina, una peque\u00f1a sala para el profesorado, 15 aulas de grupo y 3 aulas de desdoble.<\/span><\/li><li><span style=\"font-weight: 400;\">El tercero que se corresponde con el gimnasio cubierto, los vestuarios y dos pistas<br \/>deportivas.<\/span><\/li><li><span style=\"font-weight: 400;\">Dependencias del ayuntamiento de Cuevas del Almanzora cedidas al centro: los talleres y aulas del ciclo formativo de Soldadura y Calderer\u00eda y del ciclo de grado b\u00e1sico.<\/span><\/li><\/ul>\t\t\t\t\t\t\t\t<\/div>\n\t\t\t\t<\/div>\n\t\t\t\t\t<\/div>\n\t\t<\/div>\n\t\t\t\t\t<\/div>\n\t\t<\/section>\n\t\t\t\t<\/div>\n\t\t","protected":false},"excerpt":{"rendered":"<p>Nuestro Centro se encuentra en la localidad de Cuevas del Almanzora, municipio de la provincia de Almer\u00eda, Andaluc\u00eda, Espa\u00f1a. El \u00e1mbito territorial de influencia del IES JAROSO, coincide con los l\u00edmites municipales. El municipio de Cuevas del Almanzora se sit\u00faa en el noreste de la provincia de Almer\u00eda, rodeado de los municipios de Vera y [&hellip;]<\/p>\n","protected":false},"author":2,"featured_media":0,"parent":325,"menu_order":0,"comment_status":"closed","ping_status":"closed","template":"","meta":{"footnotes":""},"class_list":["post-432","page","type-page","status-publish","hentry"],"_links":{"self":[{"href":"https:\/\/iesjaroso.es\/index.php?rest_route=\/wp\/v2\/pages\/432","targetHints":{"allow":["GET"]}}],"collection":[{"href":"https:\/\/iesjaroso.es\/index.php?rest_route=\/wp\/v2\/pages"}],"about":[{"href":"https:\/\/iesjaroso.es\/index.php?rest_route=\/wp\/v2\/types\/page"}],"author":[{"embeddable":true,"href":"https:\/\/iesjaroso.es\/index.php?rest_route=\/wp\/v2\/users\/2"}],"replies":[{"embeddable":true,"href":"https:\/\/iesjaroso.es\/index.php?rest_route=%2Fwp%2Fv2%2Fcomments&post=432"}],"version-history":[{"count":16,"href":"https:\/\/iesjaroso.es\/index.php?rest_route=\/wp\/v2\/pages\/432\/revisions"}],"predecessor-version":[{"id":5508,"href":"https:\/\/iesjaroso.es\/index.php?rest_route=\/wp\/v2\/pages\/432\/revisions\/5508"}],"up":[{"embeddable":true,"href":"https:\/\/iesjaroso.es\/index.php?rest_route=\/wp\/v2\/pages\/325"}],"wp:attachment":[{"href":"https:\/\/iesjaroso.es\/index.php?rest_route=%2Fwp%2Fv2%2Fmedia&parent=432"}],"curies":[{"name":"wp","href":"https:\/\/api.w.org\/{rel}","templated":true}]}}