{"id":4417,"date":"2024-11-19T13:57:46","date_gmt":"2024-11-19T11:57:46","guid":{"rendered":"https:\/\/iesjaroso.es\/?page_id=4417"},"modified":"2024-11-19T13:57:46","modified_gmt":"2024-11-19T11:57:46","slug":"aulas-bilingues-fp-en-el-ies-jaroso","status":"publish","type":"page","link":"https:\/\/iesjaroso.es\/?page_id=4417","title":{"rendered":"Aulas Biling\u00fces FP en el IES Jaroso"},"content":{"rendered":"\n<p>Alumnado y profesorado de los ciclos formativos de Operaciones de Laboratorio y de Sistemas de Telecomunicaciones e Inform\u00e1ticos hemos podido disfrutar durante los cursos 23-24 y 24-25 de una semana de actividad formativa de inmersi\u00f3n ling\u00fc\u00edstica en Irlanda. Nuestros objetivos fueron los de fomentar la movilidad internacional de nuestro alumnado y mejorar sus competencias ling\u00fc\u00edsticas. Adem\u00e1s siempre pensamos en c\u00f3mo mejorar la calidad de la formaci\u00f3n que ofrecemos en nuestro centro y de c\u00f3mo adecuar mejor la formaci\u00f3n profesional a las necesidades del mercado de trabajo dentro de nuestro \u00e1mbito profesional. El mercado laboral demanda cada vez m\u00e1s perfiles con habilidades y capacidades de trabajo en equipo, cualidades en la comunicaci\u00f3n, capacidad de liderazgo y desarrollo de pensamiento cr\u00edtico.<\/p>\n\n\n\n<p>Todas las actividades que llevamos a cabo en el aula biling\u00fce de ingl\u00e9s en el CFGM de Operaciones de Laboratorio y en el CFGS de Sistemas de Telecomunicaciones e Inform\u00e1ticos son financiadas por el Ministerio de Educaci\u00f3n, Formaci\u00f3n Profesional y Deportes y por la Uni\u00f3n Europea- NextGeneration EU.<\/p>\n\n\n<div class=\"wp-block-image\">\n<figure class=\"aligncenter size-large\"><img fetchpriority=\"high\" decoding=\"async\" width=\"768\" height=\"1024\" src=\"https:\/\/iesjaroso.es\/wp-content\/uploads\/Cork-cathedral-768x1024.jpg\" alt=\"\" class=\"wp-image-4418\" srcset=\"https:\/\/iesjaroso.es\/wp-content\/uploads\/Cork-cathedral-768x1024.jpg 768w, https:\/\/iesjaroso.es\/wp-content\/uploads\/Cork-cathedral-225x300.jpg 225w, https:\/\/iesjaroso.es\/wp-content\/uploads\/Cork-cathedral-1152x1536.jpg 1152w, https:\/\/iesjaroso.es\/wp-content\/uploads\/Cork-cathedral-1536x2048.jpg 1536w, https:\/\/iesjaroso.es\/wp-content\/uploads\/Cork-cathedral-scaled.jpg 1920w\" sizes=\"(max-width: 768px) 100vw, 768px\" \/><\/figure>\n<\/div>\n\n<div class=\"wp-block-image\">\n<figure class=\"aligncenter size-large\"><img decoding=\"async\" width=\"1024\" height=\"768\" src=\"https:\/\/iesjaroso.es\/wp-content\/uploads\/Galway-1024x768.jpg\" alt=\"\" class=\"wp-image-4419\" srcset=\"https:\/\/iesjaroso.es\/wp-content\/uploads\/Galway-1024x768.jpg 1024w, https:\/\/iesjaroso.es\/wp-content\/uploads\/Galway-300x225.jpg 300w, https:\/\/iesjaroso.es\/wp-content\/uploads\/Galway-768x576.jpg 768w, https:\/\/iesjaroso.es\/wp-content\/uploads\/Galway-1536x1152.jpg 1536w, https:\/\/iesjaroso.es\/wp-content\/uploads\/Galway.jpg 1600w\" sizes=\"(max-width: 1024px) 100vw, 1024px\" \/><\/figure>\n<\/div>\n\n<div class=\"wp-block-image\">\n<figure class=\"aligncenter size-large\"><img decoding=\"async\" width=\"1024\" height=\"769\" src=\"https:\/\/iesjaroso.es\/wp-content\/uploads\/Tullamore-1024x769.jpg\" alt=\"\" class=\"wp-image-4420\" srcset=\"https:\/\/iesjaroso.es\/wp-content\/uploads\/Tullamore-1024x769.jpg 1024w, https:\/\/iesjaroso.es\/wp-content\/uploads\/Tullamore-300x225.jpg 300w, https:\/\/iesjaroso.es\/wp-content\/uploads\/Tullamore-768x576.jpg 768w, https:\/\/iesjaroso.es\/wp-content\/uploads\/Tullamore-1536x1153.jpg 1536w, https:\/\/iesjaroso.es\/wp-content\/uploads\/Tullamore.jpg 1600w\" sizes=\"(max-width: 1024px) 100vw, 1024px\" \/><\/figure>\n<\/div>\n\n<div class=\"wp-block-image\">\n<figure class=\"aligncenter size-large\"><img loading=\"lazy\" decoding=\"async\" width=\"1024\" height=\"461\" src=\"https:\/\/iesjaroso.es\/wp-content\/uploads\/University-of-Cork-1024x461.jpg\" alt=\"\" class=\"wp-image-4421\" srcset=\"https:\/\/iesjaroso.es\/wp-content\/uploads\/University-of-Cork-1024x461.jpg 1024w, https:\/\/iesjaroso.es\/wp-content\/uploads\/University-of-Cork-300x135.jpg 300w, https:\/\/iesjaroso.es\/wp-content\/uploads\/University-of-Cork-768x346.jpg 768w, https:\/\/iesjaroso.es\/wp-content\/uploads\/University-of-Cork-1536x692.jpg 1536w, https:\/\/iesjaroso.es\/wp-content\/uploads\/University-of-Cork.jpg 1600w\" sizes=\"(max-width: 1024px) 100vw, 1024px\" \/><\/figure>\n<\/div>\n\n<div class=\"wp-block-image\">\n<figure class=\"aligncenter size-full\"><img loading=\"lazy\" decoding=\"async\" width=\"790\" height=\"246\" src=\"https:\/\/iesjaroso.es\/wp-content\/uploads\/logo.png\" alt=\"\" class=\"wp-image-4422\" srcset=\"https:\/\/iesjaroso.es\/wp-content\/uploads\/logo.png 790w, https:\/\/iesjaroso.es\/wp-content\/uploads\/logo-300x93.png 300w, https:\/\/iesjaroso.es\/wp-content\/uploads\/logo-768x239.png 768w\" sizes=\"(max-width: 790px) 100vw, 790px\" \/><\/figure>\n<\/div>\n\n<div class=\"wp-block-image\">\n<figure class=\"aligncenter size-large\"><img loading=\"lazy\" decoding=\"async\" width=\"1024\" height=\"341\" src=\"https:\/\/iesjaroso.es\/wp-content\/uploads\/logo_next_generation_EU-v3-1024x341.jpg\" alt=\"\" class=\"wp-image-4423\" srcset=\"https:\/\/iesjaroso.es\/wp-content\/uploads\/logo_next_generation_EU-v3-1024x341.jpg 1024w, https:\/\/iesjaroso.es\/wp-content\/uploads\/logo_next_generation_EU-v3-300x100.jpg 300w, https:\/\/iesjaroso.es\/wp-content\/uploads\/logo_next_generation_EU-v3-768x256.jpg 768w, https:\/\/iesjaroso.es\/wp-content\/uploads\/logo_next_generation_EU-v3.jpg 1200w\" sizes=\"(max-width: 1024px) 100vw, 1024px\" \/><\/figure>\n<\/div>\n\n\n<p><\/p>\n","protected":false},"excerpt":{"rendered":"<p>Alumnado y profesorado de los ciclos formativos de Operaciones de Laboratorio y de Sistemas de Telecomunicaciones e Inform\u00e1ticos hemos podido disfrutar durante los cursos 23-24 y 24-25 de una semana de actividad formativa de inmersi\u00f3n ling\u00fc\u00edstica en Irlanda. Nuestros objetivos fueron los de fomentar la movilidad internacional de nuestro alumnado y mejorar sus competencias ling\u00fc\u00edsticas. [&hellip;]<\/p>\n","protected":false},"author":1,"featured_media":4421,"parent":0,"menu_order":0,"comment_status":"closed","ping_status":"closed","template":"","meta":{"footnotes":""},"class_list":["post-4417","page","type-page","status-publish","has-post-thumbnail","hentry"],"_links":{"self":[{"href":"https:\/\/iesjaroso.es\/index.php?rest_route=\/wp\/v2\/pages\/4417","targetHints":{"allow":["GET"]}}],"collection":[{"href":"https:\/\/iesjaroso.es\/index.php?rest_route=\/wp\/v2\/pages"}],"about":[{"href":"https:\/\/iesjaroso.es\/index.php?rest_route=\/wp\/v2\/types\/page"}],"author":[{"embeddable":true,"href":"https:\/\/iesjaroso.es\/index.php?rest_route=\/wp\/v2\/users\/1"}],"replies":[{"embeddable":true,"href":"https:\/\/iesjaroso.es\/index.php?rest_route=%2Fwp%2Fv2%2Fcomments&post=4417"}],"version-history":[{"count":1,"href":"https:\/\/iesjaroso.es\/index.php?rest_route=\/wp\/v2\/pages\/4417\/revisions"}],"predecessor-version":[{"id":4424,"href":"https:\/\/iesjaroso.es\/index.php?rest_route=\/wp\/v2\/pages\/4417\/revisions\/4424"}],"wp:featuredmedia":[{"embeddable":true,"href":"https:\/\/iesjaroso.es\/index.php?rest_route=\/wp\/v2\/media\/4421"}],"wp:attachment":[{"href":"https:\/\/iesjaroso.es\/index.php?rest_route=%2Fwp%2Fv2%2Fmedia&parent=4417"}],"curies":[{"name":"wp","href":"https:\/\/api.w.org\/{rel}","templated":true}]}}