{"id":512,"date":"2016-09-10T20:41:12","date_gmt":"2016-09-10T18:41:12","guid":{"rendered":"https:\/\/iesjaroso.wordpress.com\/?page_id=330"},"modified":"2020-11-02T16:15:14","modified_gmt":"2020-11-02T14:15:14","slug":"operaciones-de-laboratorio","status":"publish","type":"page","link":"https:\/\/iesjaroso.es\/?page_id=512","title":{"rendered":"Operaciones de Laboratorio"},"content":{"rendered":"\t\t<div data-elementor-type=\"wp-page\" data-elementor-id=\"512\" class=\"elementor elementor-512\">\n\t\t\t\t\t\t<section class=\"elementor-section elementor-top-section elementor-element elementor-element-6a3c5f6 elementor-section-boxed elementor-section-height-default elementor-section-height-default\" data-id=\"6a3c5f6\" data-element_type=\"section\" data-e-type=\"section\">\n\t\t\t\t\t\t<div class=\"elementor-container elementor-column-gap-default\">\n\t\t\t\t\t<div class=\"elementor-column elementor-col-100 elementor-top-column elementor-element elementor-element-06047b0\" data-id=\"06047b0\" data-element_type=\"column\" data-e-type=\"column\">\n\t\t\t<div class=\"elementor-widget-wrap elementor-element-populated\">\n\t\t\t\t\t\t<div class=\"elementor-element elementor-element-27fd4b1 elementor-widget elementor-widget-image\" data-id=\"27fd4b1\" data-element_type=\"widget\" data-e-type=\"widget\" data-widget_type=\"image.default\">\n\t\t\t\t<div class=\"elementor-widget-container\">\n\t\t\t\t\t\t\t\t\t\t\t\t\t\t\t<img fetchpriority=\"high\" decoding=\"async\" width=\"640\" height=\"427\" src=\"https:\/\/iesjaroso.es\/wp-content\/uploads\/pexels-rodolfo-clix-1366942-1024x683.jpg\" class=\"attachment-large size-large wp-image-2517\" alt=\"\" srcset=\"https:\/\/iesjaroso.es\/wp-content\/uploads\/pexels-rodolfo-clix-1366942-1024x683.jpg 1024w, https:\/\/iesjaroso.es\/wp-content\/uploads\/pexels-rodolfo-clix-1366942-300x200.jpg 300w, https:\/\/iesjaroso.es\/wp-content\/uploads\/pexels-rodolfo-clix-1366942-768x512.jpg 768w, https:\/\/iesjaroso.es\/wp-content\/uploads\/pexels-rodolfo-clix-1366942-1536x1024.jpg 1536w, https:\/\/iesjaroso.es\/wp-content\/uploads\/pexels-rodolfo-clix-1366942-2048x1365.jpg 2048w, https:\/\/iesjaroso.es\/wp-content\/uploads\/pexels-rodolfo-clix-1366942-405x270.jpg 405w\" sizes=\"(max-width: 640px) 100vw, 640px\" \/>\t\t\t\t\t\t\t\t\t\t\t\t\t\t\t<\/div>\n\t\t\t\t<\/div>\n\t\t\t\t\t<\/div>\n\t\t<\/div>\n\t\t\t\t\t<\/div>\n\t\t<\/section>\n\t\t\t\t<section class=\"elementor-section elementor-top-section elementor-element elementor-element-5c45955 elementor-section-boxed elementor-section-height-default elementor-section-height-default\" data-id=\"5c45955\" data-element_type=\"section\" data-e-type=\"section\">\n\t\t\t\t\t\t<div class=\"elementor-container elementor-column-gap-default\">\n\t\t\t\t\t<div class=\"elementor-column elementor-col-100 elementor-top-column elementor-element elementor-element-bcc9381\" data-id=\"bcc9381\" data-element_type=\"column\" data-e-type=\"column\">\n\t\t\t<div class=\"elementor-widget-wrap elementor-element-populated\">\n\t\t\t\t\t\t<div class=\"elementor-element elementor-element-2d08064 elementor-widget elementor-widget-text-editor\" data-id=\"2d08064\" data-element_type=\"widget\" data-e-type=\"widget\" data-widget_type=\"text-editor.default\">\n\t\t\t\t<div class=\"elementor-widget-container\">\n\t\t\t\t\t\t\t\t\t<p><b>\u00bfQU\u00c9 VOY A APRENDER?<\/b><\/p><p>Al terminar tus estudios ser\u00e1s cap\u00e1z de:<\/p><ul><li>Realizar el montaje de los equipos y la puesta a punto de las instalaciones auxiliares de un laboratorio, seleccionado los recursos y medios necesarios y siguiendo los procedimientos de trabajo.<\/li><li>Poner en marcha los equipos, verificando su operatividad y la de los servicios auxiliares, y la disponibilidad de materias y productos, seg\u00fan los procedimientos establecidos.<\/li><li>Preparar las mezclas y disoluciones necesarias, cumpliendo normas de calidad, prevenci\u00f3n de riesgos y seguridad ambiental.<\/li><li>Realizar tomas de muestras, teniendo en cuenta su naturaleza y finalidad, aplicando los procedimientos establecidos.<\/li><li>Preparar la muestra para el an\u00e1lisis, siguiendo procedimientos normalizados y adecu\u00e1ndola a la t\u00e9cnica que se ha de utilizar.<\/li><li>Realizar ensayos de materiales o fisicoqu\u00edmicos, siguiendo procedimientos normalizados y cumpliendo normas de calidad, prevenci\u00f3n de riesgos y protecci\u00f3n ambiental.<\/li><li>Realizar an\u00e1lisis qu\u00edmicos o microbiol\u00f3gicos, siguiendo procedimientos establecidos y cumpliendo normas de calidad, prevenci\u00f3n de riesgos y protecci\u00f3n ambiental.<\/li><li>Gestionar el almac\u00e9n del laboratorio, informando de las necesidades surgidas y cumpliendo normas de calidad, prevenci\u00f3n de riesgos y protecci\u00f3n ambiental.<\/li><li>Almacenar los productos en condiciones de orden y limpieza, cumpliendo las normas de seguridad para evitar riesgos de incendio, explosi\u00f3n o contaminaci\u00f3n.<\/li><li>Tratar, envasar, etiquetar y gestionar los residuos, siguiendo los procedimientos establecidos.<\/li><\/ul><div>\u00a0<\/div><p><strong>SALIDAS PROFESIONALES<\/strong><\/p><p>Al terminar el ciclo estar\u00e1s capacitado para ejercer tu actividad en empresas y laboratorios de distintos sectores, donde sea preciso realizar ensayos f\u00edsicos, fisicoqu\u00edmicos, qu\u00edmicos y microbiol\u00f3gicos, y mantener operativos los equipos e instalaciones auxiliares orientados al control de calidad:<\/p><ul><li>Auxiliar, operador \/ operadora o t\u00e9cnica \/ t\u00e9cnico de laboratorios de qu\u00edmica, industrias qu\u00edmicas, industrias alimentarias, sector medioambiental, industria transformadora, industria farmac\u00e9utica, materias primas y producto acabado, control y recepci\u00f3n de materias, centros de formaci\u00f3n e investigaci\u00f3n, control de calidad de materiales, metalurgia y galvanotecnia, ensayos de productos de fabricaci\u00f3n mec\u00e1nica y microbiolog\u00eda alimentaria, medioambiental, farmac\u00e9utica y de aguas.<\/li><li>Operador \/ operadora de mantenimiento de servicios auxiliares, equipamiento y almac\u00e9n.<\/li><li>Muestreador \/ muestreadora y ensayos de campo.<\/li><\/ul><div>\u00a0<\/div><p><b>CALENDARIO Y HORARIOS<\/b><\/p><p>Las clases se impartir\u00e1n en horario de tarde, de 16:00 a 22:00.<\/p><p>Los m\u00f3dulos impartidos en el Ciclo Formativo de Grado Medio de Operaciones de Laboratorio son:<\/p><table cellspacing=\"0\" cellpadding=\"0\"><tbody><tr><td valign=\"top\"><p><b>M\u00f3dulos<\/b><\/p><\/td><td valign=\"top\"><p><b>Primer curso<\/b><\/p><\/td><td valign=\"top\"><p><b>Segundo curso<\/b><\/p><\/td><\/tr><tr><td valign=\"top\"><p>T\u00e9cnicas B\u00e1sicas de Microbiolog\u00eda y Bioqu\u00edmica (TBMB)<\/p><\/td><td valign=\"top\"><p>X<\/p><\/td><td valign=\"top\">\u00a0<\/td><\/tr><tr><td valign=\"top\"><p>Muestreo y Operaciones Unitarias de Laboratorio (MOUL)<\/p><\/td><td valign=\"top\"><p>X<\/p><\/td><td valign=\"top\">\u00a0<\/td><\/tr><tr><td valign=\"top\"><p>Qu\u00edmica Aplicada (QA)<\/p><\/td><td valign=\"top\"><p>X<\/p><\/td><td valign=\"top\">\u00a0<\/td><\/tr><tr><td valign=\"top\"><p>Almacenamiento y Distribuci\u00f3n en el Laboratorio (ADL)<\/p><\/td><td valign=\"top\"><p>X<\/p><\/td><td valign=\"top\">\u00a0<\/td><\/tr><tr><td valign=\"top\"><p>Servicios Auxiliares en el Laboratorio (SALAB)<\/p><\/td><td valign=\"top\"><p>X<\/p><\/td><td valign=\"top\">\u00a0<\/td><\/tr><tr><td valign=\"top\"><p>Seguridad y Organizaci\u00f3n en el Laboratorio (SOL)<\/p><\/td><td valign=\"top\"><p>X<\/p><\/td><td valign=\"top\">\u00a0<\/td><\/tr><tr><td valign=\"top\"><p>Formaci\u00f3n y Orientaci\u00f3n Laboral (FOL)<\/p><\/td><td valign=\"top\"><p>X<\/p><\/td><td valign=\"top\">\u00a0<\/td><\/tr><tr><td valign=\"top\"><p>Operaciones de An\u00e1lisis Qu\u00edmico (OAQ)<\/p><\/td><td valign=\"top\">\u00a0<\/td><td valign=\"top\"><p>X<\/p><\/td><\/tr><tr><td valign=\"top\"><p>Pruebas F\u00edsico-qu\u00edmicas (PF)<\/p><\/td><td valign=\"top\">\u00a0<\/td><td valign=\"top\"><p>X<\/p><\/td><\/tr><tr><td valign=\"top\"><p>Ensayos de Materiales (EM)<\/p><\/td><td valign=\"top\">\u00a0<\/td><td valign=\"top\"><p>X<\/p><\/td><\/tr><tr><td valign=\"top\"><p>Principios de Mantenimiento Electromec\u00e1nico (PME)<\/p><\/td><td valign=\"top\">\u00a0<\/td><td valign=\"top\"><p>X<\/p><\/td><\/tr><tr><td valign=\"top\"><p>Empresa e Iniciativa Emprendedora (EIE)<\/p><\/td><td valign=\"top\">\u00a0<\/td><td valign=\"top\"><p>X<\/p><\/td><\/tr><tr><td valign=\"top\"><p>Horas de Libre Configuraci\u00f3n (HLC)<\/p><\/td><td valign=\"top\">\u00a0<\/td><td valign=\"top\"><p>X<\/p><\/td><\/tr><tr><td valign=\"top\"><p>Formaci\u00f3n en Centros de Trabajo (FCT)<\/p><\/td><td valign=\"top\">\u00a0<\/td><td valign=\"top\"><p>X<\/p><\/td><\/tr><\/tbody><\/table><p>Para m\u00e1s informaci\u00f3n, se puede consultar la p\u00e1gina web:<\/p><p><a href=\"https:\/\/www.todofp.es\/inicio.html\">https:\/\/www.todofp.es\/inicio.html<\/a><\/p><p><b>CONTACTO<\/b><\/p><p>Si tienes cualquier duda, estaremos encantados de atenderte en:<\/p><p><strong>laboratorio.iesjaroso@gmail.com<\/strong><\/p>\t\t\t\t\t\t\t\t<\/div>\n\t\t\t\t<\/div>\n\t\t\t\t\t<\/div>\n\t\t<\/div>\n\t\t\t\t\t<\/div>\n\t\t<\/section>\n\t\t\t\t<\/div>\n\t\t","protected":false},"excerpt":{"rendered":"<p>\u00bfQU\u00c9 VOY A APRENDER? Al terminar tus estudios ser\u00e1s cap\u00e1z de: Realizar el montaje de los equipos y la puesta a punto de las instalaciones auxiliares de un laboratorio, seleccionado los recursos y medios necesarios y siguiendo los procedimientos de trabajo. Poner en marcha los equipos, verificando su operatividad y la de los servicios auxiliares, [&hellip;]<\/p>\n","protected":false},"author":2,"featured_media":0,"parent":0,"menu_order":0,"comment_status":"closed","ping_status":"closed","template":"","meta":{"footnotes":""},"class_list":["post-512","page","type-page","status-publish","hentry"],"_links":{"self":[{"href":"https:\/\/iesjaroso.es\/index.php?rest_route=\/wp\/v2\/pages\/512","targetHints":{"allow":["GET"]}}],"collection":[{"href":"https:\/\/iesjaroso.es\/index.php?rest_route=\/wp\/v2\/pages"}],"about":[{"href":"https:\/\/iesjaroso.es\/index.php?rest_route=\/wp\/v2\/types\/page"}],"author":[{"embeddable":true,"href":"https:\/\/iesjaroso.es\/index.php?rest_route=\/wp\/v2\/users\/2"}],"replies":[{"embeddable":true,"href":"https:\/\/iesjaroso.es\/index.php?rest_route=%2Fwp%2Fv2%2Fcomments&post=512"}],"version-history":[{"count":11,"href":"https:\/\/iesjaroso.es\/index.php?rest_route=\/wp\/v2\/pages\/512\/revisions"}],"predecessor-version":[{"id":2526,"href":"https:\/\/iesjaroso.es\/index.php?rest_route=\/wp\/v2\/pages\/512\/revisions\/2526"}],"wp:attachment":[{"href":"https:\/\/iesjaroso.es\/index.php?rest_route=%2Fwp%2Fv2%2Fmedia&parent=512"}],"curies":[{"name":"wp","href":"https:\/\/api.w.org\/{rel}","templated":true}]}}