{"id":5512,"date":"2026-03-08T12:38:33","date_gmt":"2026-03-08T10:38:33","guid":{"rendered":"https:\/\/iesjaroso.es\/?page_id=5512"},"modified":"2026-03-08T12:43:08","modified_gmt":"2026-03-08T10:43:08","slug":"bienvenida","status":"publish","type":"page","link":"https:\/\/iesjaroso.es\/?page_id=5512","title":{"rendered":"Bienvenida"},"content":{"rendered":"\n<p class=\"has-text-align-center\">Bienvenidos y bienvenidas al IES Jaroso<\/p>\n\n\n\n<p class=\"has-text-align-center\">Desde el IES Jaroso os damos la m\u00e1s cordial bienvenida a nuestra comunidad educativa.<\/p>\n\n\n\n<p class=\"has-text-align-center\"><br>Nuestro centro, situado en Cuevas del Almanzora (Almer\u00eda), es un espacio de aprendizaje,<br>convivencia y crecimiento personal en el que alumnado, familias y profesorado trabajamos<br>juntos con un objetivo com\u00fan: ofrecer una educaci\u00f3n de calidad, inclusiva y adaptada a los retos<br>del presente y del futuro.<\/p>\n\n\n\n<p class=\"has-text-align-center\"><br>Creemos en una ense\u00f1anza basada en el esfuerzo, el respeto, la igualdad y la participaci\u00f3n<br>activa de toda la comunidad educativa. Apostamos por el desarrollo acad\u00e9mico y personal de<br>nuestro alumnado, fomentando valores como la responsabilidad, el pensamiento cr\u00edtico y la<br>convivencia positiva.<\/p>\n\n\n\n<p class=\"has-text-align-center\"><br>Esta p\u00e1gina web nace como un punto de encuentro e informaci\u00f3n, donde podr\u00e9is conocer mejor<br>nuestro centro, nuestras actividades, proyectos y novedades. Os invitamos a participar, a<br>colaborar y a formar parte activa de la vida del IES Jaroso.<br>Gracias por vuestra confianza.<\/p>\n\n\n\n<p class=\"has-text-align-center\"><\/p>\n\n\n\n<p class=\"has-text-align-center\"><strong>IES Jaroso: aprendemos juntos, construimos futuro.<\/strong><\/p>\n","protected":false},"excerpt":{"rendered":"<p>Bienvenidos y bienvenidas al IES Jaroso Desde el IES Jaroso os damos la m\u00e1s cordial bienvenida a nuestra comunidad educativa. Nuestro centro, situado en Cuevas del Almanzora (Almer\u00eda), es un espacio de aprendizaje,convivencia y crecimiento personal en el que alumnado, familias y profesorado trabajamosjuntos con un objetivo com\u00fan: ofrecer una educaci\u00f3n de calidad, inclusiva y [&hellip;]<\/p>\n","protected":false},"author":1,"featured_media":3735,"parent":0,"menu_order":0,"comment_status":"closed","ping_status":"closed","template":"","meta":{"footnotes":""},"class_list":["post-5512","page","type-page","status-publish","has-post-thumbnail","hentry"],"_links":{"self":[{"href":"https:\/\/iesjaroso.es\/index.php?rest_route=\/wp\/v2\/pages\/5512","targetHints":{"allow":["GET"]}}],"collection":[{"href":"https:\/\/iesjaroso.es\/index.php?rest_route=\/wp\/v2\/pages"}],"about":[{"href":"https:\/\/iesjaroso.es\/index.php?rest_route=\/wp\/v2\/types\/page"}],"author":[{"embeddable":true,"href":"https:\/\/iesjaroso.es\/index.php?rest_route=\/wp\/v2\/users\/1"}],"replies":[{"embeddable":true,"href":"https:\/\/iesjaroso.es\/index.php?rest_route=%2Fwp%2Fv2%2Fcomments&post=5512"}],"version-history":[{"count":3,"href":"https:\/\/iesjaroso.es\/index.php?rest_route=\/wp\/v2\/pages\/5512\/revisions"}],"predecessor-version":[{"id":5516,"href":"https:\/\/iesjaroso.es\/index.php?rest_route=\/wp\/v2\/pages\/5512\/revisions\/5516"}],"wp:featuredmedia":[{"embeddable":true,"href":"https:\/\/iesjaroso.es\/index.php?rest_route=\/wp\/v2\/media\/3735"}],"wp:attachment":[{"href":"https:\/\/iesjaroso.es\/index.php?rest_route=%2Fwp%2Fv2%2Fmedia&parent=5512"}],"curies":[{"name":"wp","href":"https:\/\/api.w.org\/{rel}","templated":true}]}}