{"id":8,"date":"2016-06-24T10:44:25","date_gmt":"2016-06-24T10:44:25","guid":{"rendered":"https:\/\/iesjaroso.wordpress.com\/?page_id=8"},"modified":"2026-03-08T12:52:43","modified_gmt":"2026-03-08T10:52:43","slug":"oferta-educativa","status":"publish","type":"page","link":"https:\/\/iesjaroso.es\/?page_id=8","title":{"rendered":"Oferta educativa"},"content":{"rendered":"\t\t<div data-elementor-type=\"wp-page\" data-elementor-id=\"8\" class=\"elementor elementor-8\">\n\t\t\t\t\t\t<section class=\"elementor-section elementor-top-section elementor-element elementor-element-a7766a3 elementor-section-boxed elementor-section-height-default elementor-section-height-default\" data-id=\"a7766a3\" data-element_type=\"section\" data-e-type=\"section\">\n\t\t\t\t\t\t<div class=\"elementor-container elementor-column-gap-default\">\n\t\t\t\t\t<div class=\"elementor-column elementor-col-100 elementor-top-column elementor-element elementor-element-1f6bcab7\" data-id=\"1f6bcab7\" data-element_type=\"column\" data-e-type=\"column\">\n\t\t\t<div class=\"elementor-widget-wrap elementor-element-populated\">\n\t\t\t\t\t\t<div class=\"elementor-element elementor-element-5600f98e elementor-widget elementor-widget-text-editor\" data-id=\"5600f98e\" data-element_type=\"widget\" data-e-type=\"widget\" data-widget_type=\"text-editor.default\">\n\t\t\t\t<div class=\"elementor-widget-container\">\n\t\t\t\t\t\t\t\t\t<p align=\"justify\">La oferta educativa del Centro es la siguiente:\u00a0<\/p><ul><li>Aula de Educaci\u00f3n Especial<\/li><li>Ense\u00f1anza Secundaria Obligatoria (ESO)<\/li><li>Bachillerato:<ul><li>Modalidad de Ciencias y Tecnolog\u00eda<\/li><li>Modalidad de Humanidades y Ciencias Sociales<\/li><\/ul><\/li><li>Ense\u00f1anza Secundaria para Personas Adultas (ESPA)<\/li><li>Ciclos Formativos de Grado D:<ul><li>Ciclo Formativo de Grado B\u00e1sico de Instalaciones Electrot\u00e9cnicas y Mec\u00e1nica<\/li><li>Ciclo Formativo de Grado Medio de Gesti\u00f3n Administrativa<\/li><li>Ciclo Formativo de Grado Medio de Instalaciones de Telecomunicaciones<\/li><li>Ciclo Formativo de Grado Medio de Operaciones de Laboratorio<\/li><li>Ciclo Formativo de Grado Medio de Soldadura y Calderer\u00eda<\/li><li>Ciclo Formativo de Grado Superior de Desarrollo de Aplicaciones Web<\/li><li>Ciclo Formativo de Grado Superior de Sistemas de Telecomunicaciones e\u00a0Inform\u00e1ticos<\/li><\/ul><\/li><\/ul><p>Adem\u00e1s, por las tardes se llevan a cabo los siguientes programas educativos:<\/p><ul><li>Programa de Refuerzo, Orientaci\u00f3n y Apoyo (PROA): acompa\u00f1amiento escolar y acompa\u00f1amiento ling\u00fc\u00edstico para alumnado inmigrante<\/li><li>Cursos de ingl\u00e9s extraescolar<\/li><li>Programa de Lengua \u00c1rabe y Cultura Marroqu\u00ed (PLACM)<\/li><\/ul><p>\u00a0<\/p>\t\t\t\t\t\t\t\t<\/div>\n\t\t\t\t<\/div>\n\t\t\t\t\t<\/div>\n\t\t<\/div>\n\t\t\t\t\t<\/div>\n\t\t<\/section>\n\t\t\t\t<\/div>\n\t\t","protected":false},"excerpt":{"rendered":"<p>La oferta educativa del Centro es la siguiente:\u00a0 Aula de Educaci\u00f3n Especial Ense\u00f1anza Secundaria Obligatoria (ESO) Bachillerato: Modalidad de Ciencias y Tecnolog\u00eda Modalidad de Humanidades y Ciencias Sociales Ense\u00f1anza Secundaria para Personas Adultas (ESPA) Ciclos Formativos de Grado D: Ciclo Formativo de Grado B\u00e1sico de Instalaciones Electrot\u00e9cnicas y Mec\u00e1nica Ciclo Formativo de Grado Medio de [&hellip;]<\/p>\n","protected":false},"author":2,"featured_media":0,"parent":0,"menu_order":3,"comment_status":"closed","ping_status":"closed","template":"","meta":{"footnotes":""},"class_list":["post-8","page","type-page","status-publish","hentry"],"_links":{"self":[{"href":"https:\/\/iesjaroso.es\/index.php?rest_route=\/wp\/v2\/pages\/8","targetHints":{"allow":["GET"]}}],"collection":[{"href":"https:\/\/iesjaroso.es\/index.php?rest_route=\/wp\/v2\/pages"}],"about":[{"href":"https:\/\/iesjaroso.es\/index.php?rest_route=\/wp\/v2\/types\/page"}],"author":[{"embeddable":true,"href":"https:\/\/iesjaroso.es\/index.php?rest_route=\/wp\/v2\/users\/2"}],"replies":[{"embeddable":true,"href":"https:\/\/iesjaroso.es\/index.php?rest_route=%2Fwp%2Fv2%2Fcomments&post=8"}],"version-history":[{"count":22,"href":"https:\/\/iesjaroso.es\/index.php?rest_route=\/wp\/v2\/pages\/8\/revisions"}],"predecessor-version":[{"id":5522,"href":"https:\/\/iesjaroso.es\/index.php?rest_route=\/wp\/v2\/pages\/8\/revisions\/5522"}],"wp:attachment":[{"href":"https:\/\/iesjaroso.es\/index.php?rest_route=%2Fwp%2Fv2%2Fmedia&parent=8"}],"curies":[{"name":"wp","href":"https:\/\/api.w.org\/{rel}","templated":true}]}}